{"id":2671,"date":"2026-04-17T10:29:56","date_gmt":"2026-04-17T10:29:56","guid":{"rendered":"https:\/\/travelwave.id.vn\/?post_type=product&#038;p=2671"},"modified":"2026-04-18T23:31:43","modified_gmt":"2026-04-18T16:31:43","slug":"tour-nepal-kathmandu-pokhara-himalaya","status":"publish","type":"product","link":"https:\/\/travelwave.id.vn\/?product=tour-nepal-kathmandu-pokhara-himalaya","title":{"rendered":"Tour Nepal: Kathmandu \u2013 Pokhara \u2013 Himalaya"},"content":{"rendered":"<ul>\n<li data-section-id=\"w7qgxh\" data-start=\"185\" data-end=\"458\"><strong data-start=\"187\" data-end=\"217\">Kathmandu \u2013 th\u1ee7 \u0111\u00f4 c\u1ed5 k\u00ednh<\/strong>: Kh\u00e1m ph\u00e1 <span class=\"hover:entity-accent entity-underline inline cursor-pointer align-baseline\"><span class=\"whitespace-normal\">Kathmandu<\/span><\/span> v\u1edbi c\u00e1c c\u00f4ng tr\u00ecnh v\u0103n h\u00f3a n\u1ed5i b\u1eadt nh\u01b0 <span class=\"hover:entity-accent entity-underline inline cursor-pointer align-baseline\"><span class=\"whitespace-normal\">Pashupatinath Temple<\/span><\/span> \u2013 ng\u00f4i \u0111\u1ec1n linh thi\u00eang c\u1ee7a \u1ea4n \u0110\u1ed9 gi\u00e1o v\u00e0 <span class=\"hover:entity-accent entity-underline inline cursor-pointer align-baseline\"><span class=\"whitespace-normal\">Boudhanath Stupa<\/span><\/span> \u2013 b\u1ea3o th\u00e1p Ph\u1eadt gi\u00e1o l\u1edbn nh\u1ea5t Nepal.<\/li>\n<li data-section-id=\"1ajgmdg\" data-start=\"460\" data-end=\"650\"><strong data-start=\"462\" data-end=\"492\">Pokhara \u2013 th\u00e0nh ph\u1ed1 b\u00ean h\u1ed3<\/strong>: Tham quan <span class=\"hover:entity-accent entity-underline inline cursor-pointer align-baseline\"><span class=\"whitespace-normal\">Pokhara<\/span><\/span>, ng\u1eafm c\u1ea3nh t\u1ea1i <span class=\"hover:entity-accent entity-underline inline cursor-pointer align-baseline\"><span class=\"whitespace-normal\">Phewa Lake<\/span><\/span> v\u00e0 t\u1eadn h\u01b0\u1edfng kh\u00f4ng kh\u00ed y\u00ean b\u00ecnh d\u01b0\u1edbi ch\u00e2n d\u00e3y Himalaya.<\/li>\n<li data-section-id=\"s5vx3w\" data-start=\"652\" data-end=\"798\"><strong data-start=\"654\" data-end=\"675\">Ng\u1eafm d\u00e3y Himalaya<\/strong>: Chi\u00eam ng\u01b0\u1ee1ng <span class=\"hover:entity-accent entity-underline inline cursor-pointer align-baseline\"><span class=\"whitespace-normal\">Himalayas<\/span><\/span> \u2013 d\u00e3y n\u00fai cao nh\u1ea5t th\u1ebf gi\u1edbi, c\u00f3 th\u1ec3 nh\u00ecn th\u1ea5y t\u1eeb Pokhara v\u00e0o s\u00e1ng s\u1edbm.<\/li>\n<li data-section-id=\"1ma7t3t\" data-start=\"800\" data-end=\"944\"><strong data-start=\"802\" data-end=\"837\">Sarangkot \u2013 \u0111i\u1ec3m ng\u1eafm b\u00ecnh minh<\/strong>: Check-in t\u1ea1i <span class=\"hover:entity-accent entity-underline inline cursor-pointer align-baseline\"><span class=\"whitespace-normal\">Sarangkot<\/span><\/span> \u2013 n\u01a1i l\u00fd t\u01b0\u1edfng \u0111\u1ec3 ng\u1eafm m\u1eb7t tr\u1eddi m\u1ecdc tr\u00ean d\u00e3y Himalaya.<\/li>\n<li data-section-id=\"2nrdhv\" data-start=\"946\" data-end=\"1049\"><strong data-start=\"948\" data-end=\"977\">Tr\u1ea3i nghi\u1ec7m v\u0103n h\u00f3a Nepal<\/strong>: Th\u01b0\u1edfng th\u1ee9c \u1ea9m th\u1ef1c \u0111\u1ecba ph\u01b0\u01a1ng v\u00e0 t\u00ecm hi\u1ec3u \u0111\u1eddi s\u1ed1ng ng\u01b0\u1eddi d\u00e2n b\u1ea3n \u0111\u1ecba.<\/li>\n<\/ul>\n","protected":false},"excerpt":{"rendered":"<p>Kathmandu \u2013 th\u1ee7 \u0111\u00f4 c\u1ed5 k\u00ednh: Kh\u00e1m ph\u00e1 Kathmandu v\u1edbi c\u00e1c c\u00f4ng tr\u00ecnh v\u0103n h\u00f3a n\u1ed5i b\u1eadt nh\u01b0 Pashupatinath Temple \u2013 ng\u00f4i \u0111\u1ec1n linh thi\u00eang c\u1ee7a \u1ea4n \u0110\u1ed9 gi\u00e1o v\u00e0 Boudhanath Stupa \u2013 b\u1ea3o th\u00e1p Ph\u1eadt gi\u00e1o l\u1edbn nh\u1ea5t Nepal. Pokhara \u2013 th\u00e0nh ph\u1ed1 b\u00ean h\u1ed3: Tham quan Pokhara, ng\u1eafm c\u1ea3nh t\u1ea1i Phewa Lake v\u00e0 [&hellip;]<\/p>\n","protected":false},"featured_media":2841,"comment_status":"open","ping_status":"closed","template":"","meta":[],"product_brand":[],"product_cat":[46],"product_tag":[155,156],"class_list":{"0":"post-2671","1":"product","2":"type-product","3":"status-publish","4":"has-post-thumbnail","6":"product_cat-du-lich-chau-a","7":"product_tag-chaua","8":"product_tag-nepal","10":"first","11":"instock","12":"sale","13":"shipping-taxable","14":"purchasable","15":"product-type-simple"},"_links":{"self":[{"href":"https:\/\/travelwave.id.vn\/index.php?rest_route=\/wp\/v2\/product\/2671","targetHints":{"allow":["GET"]}}],"collection":[{"href":"https:\/\/travelwave.id.vn\/index.php?rest_route=\/wp\/v2\/product"}],"about":[{"href":"https:\/\/travelwave.id.vn\/index.php?rest_route=\/wp\/v2\/types\/product"}],"replies":[{"embeddable":true,"href":"https:\/\/travelwave.id.vn\/index.php?rest_route=%2Fwp%2Fv2%2Fcomments&post=2671"}],"version-history":[{"count":1,"href":"https:\/\/travelwave.id.vn\/index.php?rest_route=\/wp\/v2\/product\/2671\/revisions"}],"predecessor-version":[{"id":2843,"href":"https:\/\/travelwave.id.vn\/index.php?rest_route=\/wp\/v2\/product\/2671\/revisions\/2843"}],"wp:featuredmedia":[{"embeddable":true,"href":"https:\/\/travelwave.id.vn\/index.php?rest_route=\/wp\/v2\/media\/2841"}],"wp:attachment":[{"href":"https:\/\/travelwave.id.vn\/index.php?rest_route=%2Fwp%2Fv2%2Fmedia&parent=2671"}],"wp:term":[{"taxonomy":"product_brand","embeddable":true,"href":"https:\/\/travelwave.id.vn\/index.php?rest_route=%2Fwp%2Fv2%2Fproduct_brand&post=2671"},{"taxonomy":"product_cat","embeddable":true,"href":"https:\/\/travelwave.id.vn\/index.php?rest_route=%2Fwp%2Fv2%2Fproduct_cat&post=2671"},{"taxonomy":"product_tag","embeddable":true,"href":"https:\/\/travelwave.id.vn\/index.php?rest_route=%2Fwp%2Fv2%2Fproduct_tag&post=2671"}],"curies":[{"name":"wp","href":"https:\/\/api.w.org\/{rel}","templated":true}]}}