{"id":2669,"date":"2026-04-17T10:18:27","date_gmt":"2026-04-17T10:18:27","guid":{"rendered":"https:\/\/travelwave.id.vn\/?post_type=product&#038;p=2669"},"modified":"2026-04-18T23:29:52","modified_gmt":"2026-04-18T16:29:52","slug":"tour-campuchia-siem-reap-phnom-penh-khach-san-4","status":"publish","type":"product","link":"https:\/\/travelwave.id.vn\/?product=tour-campuchia-siem-reap-phnom-penh-khach-san-4","title":{"rendered":"Tour Campuchia: Siem Reap &#8211; Phnom Penh (Kh\u00e1ch S\u1ea1n 4*)"},"content":{"rendered":"<p>Campuchia, \u0111\u01b0\u1ee3c m\u1ec7nh danh l\u00e0 X\u1ee9 s\u1edf ch\u00f9a th\u00e1p v\u1edbi v\u1ebb \u0111\u1eb9p huy\u1ec1n b\u00ed, kh\u00f4ng ch\u1ec9 thu h\u00fat du kh\u00e1ch b\u1edfi nh\u1eefng ng\u00f4i \u0111\u1ec1n c\u1ed5 k\u00ednh nh\u01b0 Angkor Wat, m\u00e0 c\u00f2n b\u1edfi nh\u1eefng c\u00e2u chuy\u1ec7n l\u1ecbch s\u1eed v\u00e0 v\u0103n h\u00f3a phong ph\u00fa.<\/p>\n<p>H\u00e0nh tr\u00ecnh tham quan Campuchia h\u1ee9a h\u1eb9n mang l\u1ea1i nh\u1eefng tr\u1ea3i nghi\u1ec7m b\u1ea5t ng\u1edd cho Qu\u00fd kh\u00e1ch:<\/p>\n<p>&#8211; Kh\u00e1m ph\u00e1 Siem Reap v\u1edbi qu\u1ea7n th\u1ec3 Angkor k\u00fd b\u00ed n\u1ed5i ti\u1ebfng: Angkor Thom, \u0111\u1ec1n Ta Prohm, Angkor Wat, &#8230;<\/p>\n<p>&#8211; Ng\u1eafm to\u00e0n c\u1ea3nh Siem Reap t\u1eeb \u0111\u1ed3i Bakheng trong \u00e1nh ho\u00e0ng h\u00f4n., m\u1ed9t tr\u1ea3i nghi\u1ec7m kh\u00f4ng th\u1ec3 b\u1ecf qua \u0111\u1ec3 chi\u00eam ng\u01b0\u1ee1ng v\u1ebb \u0111\u1eb9p huy\u1ec1n b\u00ed c\u1ee7a \u0111\u1ea5t n\u01b0\u1edbc Campuchia.<\/p>\n<p>&#8211; Th\u01b0\u1edfng th\u1ee9c bu\u1ed5i tr\u00ecnh di\u1ec5n m\u00faa Apsara truy\u1ec1n th\u1ed1ng trong b\u1eefa t\u1ed1i t\u1ea1i Siem Reap, mang \u0111\u1ebfn m\u1ed9t g\u00f3c nh\u00ecn s\u00e2u s\u1eafc v\u1ec1 v\u0103n h\u00f3a Campuchia.<\/p>\n<p>&#8211; Tham quan c\u00e1c \u0111i\u1ec3m n\u1ed5i b\u1eadt t\u1ea1i th\u1ee7 \u0111\u00f4 Phnom Penh nh\u01b0 Wat Phnom, Ch\u00f9a V\u00e0ng, Ch\u00f9a B\u1ea1c, v\u00e0 Ho\u00e0ng Cung, t\u00ecm hi\u1ec3u l\u1ecbch s\u1eed v\u00e0 v\u0103n h\u00f3a Campuchia.<\/p>\n<p>&#8211; Kh\u00e1m ph\u00e1 nh\u1eefng \u0111\u1eb7c s\u1ea3n \u0111\u1ed9c \u0111\u00e1o c\u1ee7a Campuchia t\u1ea1i ch\u1ee3 c\u00f4n tr\u00f9ng Sokun, m\u1ed9t tr\u1ea3i nghi\u1ec7m m\u1edbi l\u1ea1 v\u00e0 \u0111\u1ea7y th\u00fa v\u1ecb.<\/p>\n","protected":false},"excerpt":{"rendered":"<p>Campuchia, \u0111\u01b0\u1ee3c m\u1ec7nh danh l\u00e0 X\u1ee9 s\u1edf ch\u00f9a th\u00e1p v\u1edbi v\u1ebb \u0111\u1eb9p huy\u1ec1n b\u00ed, kh\u00f4ng ch\u1ec9 thu h\u00fat du kh\u00e1ch b\u1edfi nh\u1eefng ng\u00f4i \u0111\u1ec1n c\u1ed5 k\u00ednh nh\u01b0 Angkor Wat, m\u00e0 c\u00f2n b\u1edfi nh\u1eefng c\u00e2u chuy\u1ec7n l\u1ecbch s\u1eed v\u00e0 v\u0103n h\u00f3a phong ph\u00fa. H\u00e0nh tr\u00ecnh tham quan Campuchia h\u1ee9a h\u1eb9n mang l\u1ea1i nh\u1eefng tr\u1ea3i nghi\u1ec7m b\u1ea5t [&hellip;]<\/p>\n","protected":false},"featured_media":2849,"comment_status":"open","ping_status":"closed","template":"","meta":[],"product_brand":[],"product_cat":[46],"product_tag":[154,155],"class_list":{"0":"post-2669","1":"product","2":"type-product","3":"status-publish","4":"has-post-thumbnail","6":"product_cat-du-lich-chau-a","7":"product_tag-campuchia","8":"product_tag-chaua","10":"first","11":"instock","12":"shipping-taxable","13":"purchasable","14":"product-type-simple"},"_links":{"self":[{"href":"https:\/\/travelwave.id.vn\/index.php?rest_route=\/wp\/v2\/product\/2669","targetHints":{"allow":["GET"]}}],"collection":[{"href":"https:\/\/travelwave.id.vn\/index.php?rest_route=\/wp\/v2\/product"}],"about":[{"href":"https:\/\/travelwave.id.vn\/index.php?rest_route=\/wp\/v2\/types\/product"}],"replies":[{"embeddable":true,"href":"https:\/\/travelwave.id.vn\/index.php?rest_route=%2Fwp%2Fv2%2Fcomments&post=2669"}],"version-history":[{"count":1,"href":"https:\/\/travelwave.id.vn\/index.php?rest_route=\/wp\/v2\/product\/2669\/revisions"}],"predecessor-version":[{"id":2853,"href":"https:\/\/travelwave.id.vn\/index.php?rest_route=\/wp\/v2\/product\/2669\/revisions\/2853"}],"wp:featuredmedia":[{"embeddable":true,"href":"https:\/\/travelwave.id.vn\/index.php?rest_route=\/wp\/v2\/media\/2849"}],"wp:attachment":[{"href":"https:\/\/travelwave.id.vn\/index.php?rest_route=%2Fwp%2Fv2%2Fmedia&parent=2669"}],"wp:term":[{"taxonomy":"product_brand","embeddable":true,"href":"https:\/\/travelwave.id.vn\/index.php?rest_route=%2Fwp%2Fv2%2Fproduct_brand&post=2669"},{"taxonomy":"product_cat","embeddable":true,"href":"https:\/\/travelwave.id.vn\/index.php?rest_route=%2Fwp%2Fv2%2Fproduct_cat&post=2669"},{"taxonomy":"product_tag","embeddable":true,"href":"https:\/\/travelwave.id.vn\/index.php?rest_route=%2Fwp%2Fv2%2Fproduct_tag&post=2669"}],"curies":[{"name":"wp","href":"https:\/\/api.w.org\/{rel}","templated":true}]}}