{"id":2668,"date":"2026-04-17T10:13:48","date_gmt":"2026-04-17T10:13:48","guid":{"rendered":"https:\/\/travelwave.id.vn\/?post_type=product&#038;p=2668"},"modified":"2026-04-18T23:38:56","modified_gmt":"2026-04-18T16:38:56","slug":"tour-dubai-dubai-abu-dhabi-sa-mac-safari","status":"publish","type":"product","link":"https:\/\/travelwave.id.vn\/?product=tour-dubai-dubai-abu-dhabi-sa-mac-safari","title":{"rendered":"Tour Dubai: Dubai \u2013 Abu Dhabi \u2013 Sa m\u1ea1c Safari"},"content":{"rendered":"<ul>\n<li data-section-id=\"1t4i8gg\" data-start=\"188\" data-end=\"315\"><strong data-start=\"190\" data-end=\"218\">Dubai \u2013 th\u00e0nh ph\u1ed1 xa hoa<\/strong>: Kh\u00e1m ph\u00e1 <span class=\"hover:entity-accent entity-underline inline cursor-pointer align-baseline\"><span class=\"whitespace-normal\">Dubai<\/span><\/span> v\u1edbi nh\u1eefng c\u00f4ng tr\u00ecnh hi\u1ec7n \u0111\u1ea1i b\u1eadc nh\u1ea5t th\u1ebf gi\u1edbi.<\/li>\n<li data-section-id=\"1l2k41q\" data-start=\"317\" data-end=\"454\"><strong data-start=\"319\" data-end=\"335\">Burj Khalifa<\/strong>: Check-in t\u1ea1i <span class=\"hover:entity-accent entity-underline inline cursor-pointer align-baseline\"><span class=\"whitespace-normal\">Burj Khalifa<\/span><\/span> \u2013 t\u00f2a nh\u00e0 cao nh\u1ea5t th\u1ebf gi\u1edbi, ng\u1eafm to\u00e0n c\u1ea3nh th\u00e0nh ph\u1ed1 t\u1eeb tr\u00ean cao.<\/li>\n<li data-section-id=\"dw2fxd\" data-start=\"456\" data-end=\"573\"><strong data-start=\"458\" data-end=\"482\">Dubai Mall &amp; mua s\u1eafm<\/strong>: Tham quan <span class=\"hover:entity-accent entity-underline inline cursor-pointer align-baseline\"><span class=\"whitespace-normal\">Dubai Mall<\/span><\/span> \u2013 trung t\u00e2m th\u01b0\u01a1ng m\u1ea1i l\u1edbn nh\u1ea5t th\u1ebf gi\u1edbi.<\/li>\n<li data-section-id=\"9areqr\" data-start=\"575\" data-end=\"715\"><strong data-start=\"577\" data-end=\"594\">Sa m\u1ea1c Safari<\/strong>: Tr\u1ea3i nghi\u1ec7m <span class=\"hover:entity-accent entity-underline inline cursor-pointer align-baseline\"><span class=\"whitespace-normal\">Dubai Desert Safari<\/span><\/span> v\u1edbi c\u00e1c ho\u1ea1t \u0111\u1ed9ng nh\u01b0 \u0111i xe \u0111\u1ecba h\u00ecnh, c\u01b0\u1ee1i l\u1ea1c \u0111\u00e0 v\u00e0 th\u01b0\u1edfng th\u1ee9c BBQ.<\/li>\n<li data-section-id=\"1es0x7q\" data-start=\"717\" data-end=\"843\"><strong data-start=\"719\" data-end=\"745\">Abu Dhabi \u2013 th\u1ee7 \u0111\u00f4 UAE<\/strong>: Tham quan <span class=\"hover:entity-accent entity-underline inline cursor-pointer align-baseline\"><span class=\"whitespace-normal\">Sheikh Zayed Grand Mosque<\/span><\/span> \u2013 th\u00e1nh \u0111\u01b0\u1eddng H\u1ed3i gi\u00e1o l\u1edbn v\u00e0 \u0111\u1eb9p nh\u1ea5t th\u1ebf gi\u1edbi.<\/li>\n<li data-section-id=\"1aywj87\" data-start=\"845\" data-end=\"954\"><strong data-start=\"847\" data-end=\"864\">Palm Jumeirah<\/strong>: Check-in t\u1ea1i <span class=\"hover:entity-accent entity-underline inline cursor-pointer align-baseline\"><span class=\"whitespace-normal\">Palm Jumeirah<\/span><\/span> \u2013 \u0111\u1ea3o nh\u00e2n t\u1ea1o h\u00ecnh c\u00e2y c\u1ecd n\u1ed5i ti\u1ebfng.<\/li>\n<\/ul>\n","protected":false},"excerpt":{"rendered":"<p>Dubai \u2013 th\u00e0nh ph\u1ed1 xa hoa: Kh\u00e1m ph\u00e1 Dubai v\u1edbi nh\u1eefng c\u00f4ng tr\u00ecnh hi\u1ec7n \u0111\u1ea1i b\u1eadc nh\u1ea5t th\u1ebf gi\u1edbi. Burj Khalifa: Check-in t\u1ea1i Burj Khalifa \u2013 t\u00f2a nh\u00e0 cao nh\u1ea5t th\u1ebf gi\u1edbi, ng\u1eafm to\u00e0n c\u1ea3nh th\u00e0nh ph\u1ed1 t\u1eeb tr\u00ean cao. Dubai Mall &amp; mua s\u1eafm: Tham quan Dubai Mall \u2013 trung t\u00e2m th\u01b0\u01a1ng m\u1ea1i l\u1edbn [&hellip;]<\/p>\n","protected":false},"featured_media":2856,"comment_status":"open","ping_status":"closed","template":"","meta":[],"product_brand":[],"product_cat":[46],"product_tag":[161,160],"class_list":{"0":"post-2668","1":"product","2":"type-product","3":"status-publish","4":"has-post-thumbnail","6":"product_cat-du-lich-chau-a","7":"product_tag-dubai","8":"product_tag-trungdong","10":"first","11":"instock","12":"sale","13":"shipping-taxable","14":"purchasable","15":"product-type-simple"},"_links":{"self":[{"href":"https:\/\/travelwave.id.vn\/index.php?rest_route=\/wp\/v2\/product\/2668","targetHints":{"allow":["GET"]}}],"collection":[{"href":"https:\/\/travelwave.id.vn\/index.php?rest_route=\/wp\/v2\/product"}],"about":[{"href":"https:\/\/travelwave.id.vn\/index.php?rest_route=\/wp\/v2\/types\/product"}],"replies":[{"embeddable":true,"href":"https:\/\/travelwave.id.vn\/index.php?rest_route=%2Fwp%2Fv2%2Fcomments&post=2668"}],"version-history":[{"count":1,"href":"https:\/\/travelwave.id.vn\/index.php?rest_route=\/wp\/v2\/product\/2668\/revisions"}],"predecessor-version":[{"id":2859,"href":"https:\/\/travelwave.id.vn\/index.php?rest_route=\/wp\/v2\/product\/2668\/revisions\/2859"}],"wp:featuredmedia":[{"embeddable":true,"href":"https:\/\/travelwave.id.vn\/index.php?rest_route=\/wp\/v2\/media\/2856"}],"wp:attachment":[{"href":"https:\/\/travelwave.id.vn\/index.php?rest_route=%2Fwp%2Fv2%2Fmedia&parent=2668"}],"wp:term":[{"taxonomy":"product_brand","embeddable":true,"href":"https:\/\/travelwave.id.vn\/index.php?rest_route=%2Fwp%2Fv2%2Fproduct_brand&post=2668"},{"taxonomy":"product_cat","embeddable":true,"href":"https:\/\/travelwave.id.vn\/index.php?rest_route=%2Fwp%2Fv2%2Fproduct_cat&post=2668"},{"taxonomy":"product_tag","embeddable":true,"href":"https:\/\/travelwave.id.vn\/index.php?rest_route=%2Fwp%2Fv2%2Fproduct_tag&post=2668"}],"curies":[{"name":"wp","href":"https:\/\/api.w.org\/{rel}","templated":true}]}}