{"id":2620,"date":"2026-04-17T07:54:47","date_gmt":"2026-04-17T07:54:47","guid":{"rendered":"https:\/\/travelwave.id.vn\/?post_type=product&#038;p=2620"},"modified":"2026-04-18T23:47:03","modified_gmt":"2026-04-18T16:47:03","slug":"lien-tuyen-ba-quoc-gia-singapore-indonesia-malaysia","status":"publish","type":"product","link":"https:\/\/travelwave.id.vn\/?product=lien-tuyen-ba-quoc-gia-singapore-indonesia-malaysia","title":{"rendered":"Li\u00ean Tuy\u1ebfn Ba Qu\u1ed1c Gia: Singapore &#8211; Indonesia &#8211; Malaysia"},"content":{"rendered":"<p><strong>H\u00e0nh tr\u00ecnh li\u00ean tuy\u1ebfn 3 n\u01b0\u1edbc Singapore \u2013 Malaysia \u2013 Indonesia<\/strong>\u00a0m\u1edf ra c\u01a1 h\u1ed9i kh\u00e1m ph\u00e1 ba qu\u1ed1c gia \u0111\u1eb7c s\u1eafc c\u1ee7a \u0110\u00f4ng Nam \u00c1. Kh\u1edfi \u0111\u1ea7u t\u1eeb Singapore \u2013 \u201cqu\u1ed1c \u0111\u1ea3o th\u00f4ng minh\u201d v\u1edbi nh\u1ecbp s\u1ed1ng hi\u1ec7n \u0111\u1ea1i, quy ho\u1ea1ch xanh v\u00e0 nh\u1eefng bi\u1ec3u t\u01b0\u1ee3ng mang t\u1ea7m qu\u1ed1c t\u1ebf nh\u01b0 Gardens by the Bay hay Marina Bay Sands; ti\u1ebfp n\u1ed1i \u0111\u1ebfn Malaysia \u2013 \u201cthi\u00ean \u0111\u01b0\u1eddng nhi\u1ec7t \u0111\u1edbi\u201d quy\u1ebfn r\u0169, n\u01a1i du kh\u00e1ch chi\u00eam ng\u01b0\u1ee1ng s\u1ef1 giao h\u00f2a gi\u1eefa Malacca c\u1ed5 k\u00ednh, Kuala Lumpur s\u00f4i \u0111\u1ed9ng v\u00e0 b\u1ea7u kh\u00f4ng kh\u00ed m\u00e1t l\u00e0nh c\u1ee7a cao nguy\u00ean Genting. H\u00e0nh tr\u00ecnh c\u00f2n \u0111\u01b0a Qu\u00fd kh\u00e1ch \u0111\u1ebfn Indonesia \u2013 x\u1ee9 s\u1edf v\u1ea1n \u0111\u1ea3o, v\u1edbi Batam nh\u01b0 m\u1ed9t \u0111i\u1ec3m d\u1eebng ch\u00e2n thu\u1eadn ti\u1ec7n, mang l\u1ea1i tr\u1ea3i nghi\u1ec7m m\u1edbi m\u1ebb trong h\u00e0nh tr\u00ecnh kh\u00e1m ph\u00e1.<\/p>\n","protected":false},"excerpt":{"rendered":"<p>H\u00e0nh tr\u00ecnh li\u00ean tuy\u1ebfn 3 n\u01b0\u1edbc Singapore \u2013 Malaysia \u2013 Indonesia\u00a0m\u1edf ra c\u01a1 h\u1ed9i kh\u00e1m ph\u00e1 ba qu\u1ed1c gia \u0111\u1eb7c s\u1eafc c\u1ee7a \u0110\u00f4ng Nam \u00c1. Kh\u1edfi \u0111\u1ea7u t\u1eeb Singapore \u2013 \u201cqu\u1ed1c \u0111\u1ea3o th\u00f4ng minh\u201d v\u1edbi nh\u1ecbp s\u1ed1ng hi\u1ec7n \u0111\u1ea1i, quy ho\u1ea1ch xanh v\u00e0 nh\u1eefng bi\u1ec3u t\u01b0\u1ee3ng mang t\u1ea7m qu\u1ed1c t\u1ebf nh\u01b0 Gardens by the Bay [&hellip;]<\/p>\n","protected":false},"featured_media":2867,"comment_status":"open","ping_status":"closed","template":"","meta":[],"product_brand":[],"product_cat":[46],"product_tag":[155,163,164,162],"class_list":{"0":"post-2620","1":"product","2":"type-product","3":"status-publish","4":"has-post-thumbnail","6":"product_cat-du-lich-chau-a","7":"product_tag-chaua","8":"product_tag-indonesia","9":"product_tag-malaysia","10":"product_tag-singapor","12":"first","13":"instock","14":"shipping-taxable","15":"purchasable","16":"product-type-simple"},"_links":{"self":[{"href":"https:\/\/travelwave.id.vn\/index.php?rest_route=\/wp\/v2\/product\/2620","targetHints":{"allow":["GET"]}}],"collection":[{"href":"https:\/\/travelwave.id.vn\/index.php?rest_route=\/wp\/v2\/product"}],"about":[{"href":"https:\/\/travelwave.id.vn\/index.php?rest_route=\/wp\/v2\/types\/product"}],"replies":[{"embeddable":true,"href":"https:\/\/travelwave.id.vn\/index.php?rest_route=%2Fwp%2Fv2%2Fcomments&post=2620"}],"version-history":[{"count":1,"href":"https:\/\/travelwave.id.vn\/index.php?rest_route=\/wp\/v2\/product\/2620\/revisions"}],"predecessor-version":[{"id":2869,"href":"https:\/\/travelwave.id.vn\/index.php?rest_route=\/wp\/v2\/product\/2620\/revisions\/2869"}],"wp:featuredmedia":[{"embeddable":true,"href":"https:\/\/travelwave.id.vn\/index.php?rest_route=\/wp\/v2\/media\/2867"}],"wp:attachment":[{"href":"https:\/\/travelwave.id.vn\/index.php?rest_route=%2Fwp%2Fv2%2Fmedia&parent=2620"}],"wp:term":[{"taxonomy":"product_brand","embeddable":true,"href":"https:\/\/travelwave.id.vn\/index.php?rest_route=%2Fwp%2Fv2%2Fproduct_brand&post=2620"},{"taxonomy":"product_cat","embeddable":true,"href":"https:\/\/travelwave.id.vn\/index.php?rest_route=%2Fwp%2Fv2%2Fproduct_cat&post=2620"},{"taxonomy":"product_tag","embeddable":true,"href":"https:\/\/travelwave.id.vn\/index.php?rest_route=%2Fwp%2Fv2%2Fproduct_tag&post=2620"}],"curies":[{"name":"wp","href":"https:\/\/api.w.org\/{rel}","templated":true}]}}