{"id":2616,"date":"2026-04-17T07:45:25","date_gmt":"2026-04-17T07:45:25","guid":{"rendered":"https:\/\/travelwave.id.vn\/?post_type=product&#038;p=2616"},"modified":"2026-04-19T00:07:03","modified_gmt":"2026-04-18T17:07:03","slug":"tour-chau-au-iceland-na-uy-san-cuc-quang-10n9d","status":"publish","type":"product","link":"https:\/\/travelwave.id.vn\/?product=tour-chau-au-iceland-na-uy-san-cuc-quang-10n9d","title":{"rendered":"Tour Ch\u00e2u \u00c2u: Iceland \u2013 Na Uy S\u0103n C\u1ef1c Quang (10N9\u0110)"},"content":{"rendered":"<ul>\n<li>Tour Ch\u00e2u \u00c2u: Iceland \u2013 Na Uy S\u0103n C\u1ef1c Quang 10 Ng\u00e0y 9 \u0110\u00eam<\/li>\n<li>\n<p class=\"ds-markdown-paragraph\">L\u1ecbch tr\u00ecnh t\u00f3m t\u1eaft:<\/p>\n<\/li>\n<li>\n<p class=\"ds-markdown-paragraph\">Ng\u00e0y 1: H\u00e0 N\u1ed9i \/ TP.HCM \u2013 Reykjavik (Iceland). Nh\u1eadn ph\u00f2ng.<\/p>\n<\/li>\n<li>\n<p class=\"ds-markdown-paragraph\">Ng\u00e0y 2: Reykjavik \u2013 V\u00f2ng tr\u00f2n V\u00e0ng \u2013 Geysir, th\u00e1c Gullfoss.<\/p>\n<\/li>\n<li>\n<p class=\"ds-markdown-paragraph\">Ng\u00e0y 3: Reykjavik \u2013 B\u1edd bi\u1ec3n ph\u00eda Nam \u2013 Th\u00e1c Seljalandsfoss, Sk\u00f3gafoss.<\/p>\n<\/li>\n<li>\n<p class=\"ds-markdown-paragraph\"><span style=\"font-size: 16px;\">Ng\u00e0y 4: Reykjavik \u2013 Hang b\u0103ng tinh th\u1ec3 \u2013 T\u1eafm Blue Lagoon.<\/span><\/p>\n<\/li>\n<li>\n<p class=\"ds-markdown-paragraph\">Ng\u00e0y 5: Reykjavik \u2013 Bay \u0111\u1ebfn Oslo (Na Uy).<\/p>\n<\/li>\n<li>\n<p class=\"ds-markdown-paragraph\">Ng\u00e0y 6: Oslo \u2013 Bay \u0111\u1ebfn Troms\u00f8 \u2013 S\u0103n c\u1ef1c quang bu\u1ed5i t\u1ed1i.<\/p>\n<\/li>\n<li>\n<p class=\"ds-markdown-paragraph\">Ng\u00e0y 7: Troms\u00f8 \u2013 Xe tr\u01b0\u1ee3t tuy\u1ebft ch\u00f3 k\u00e9o \u2013 S\u0103n c\u1ef1c quang.<\/p>\n<\/li>\n<li>\n<p class=\"ds-markdown-paragraph\">Ng\u00e0y 8: Troms\u00f8 \u2013 Du thuy\u1ec1n s\u0103n c\u1ef1c quang.<\/p>\n<\/li>\n<li>\n<p class=\"ds-markdown-paragraph\">Ng\u00e0y 9: Troms\u00f8 \u2013 Ra s\u00e2n bay v\u1ec1 Vi\u1ec7t Nam.<\/p>\n<\/li>\n<li>\n<p class=\"ds-markdown-paragraph\">Ng\u00e0y 10: V\u1ec1 \u0111\u1ebfn H\u00e0 N\u1ed9i \/ TP.HCM.<\/p>\n<\/li>\n<li>\n<p class=\"ds-markdown-paragraph\">D\u1ecbch v\u1ee5 bao g\u1ed3m: V\u00e9 m\u00e1y bay kh\u1ee9 h\u1ed3i, kh\u00e1ch s\u1ea1n 3-4 sao, \u0103n s\u00e1ng v\u00e0 m\u1ed9t s\u1ed1 b\u1eefa ch\u00ednh, xe m\u00e1y l\u1ea1nh, v\u00e9 tham quan, HDV ti\u1ebfng Vi\u1ec7t, b\u1ea3o hi\u1ec3m du l\u1ecbch, v\u00e9 Blue Lagoon, tour s\u0103n c\u1ef1c quang.\\<\/p>\n<\/li>\n<li>\n<p class=\"ds-markdown-paragraph\">Kh\u00f4ng bao g\u1ed3m: H\u1ed9 chi\u1ebfu, chi ph\u00ed c\u00e1 nh\u00e2n, ti\u1ec1n tip 5 EUR\/ng\u00e0y, ph\u1ee5 thu ph\u00f2ng \u0111\u01a1n.<\/p>\n<\/li>\n<\/ul>\n","protected":false},"excerpt":{"rendered":"<p>Tour s\u0103n c\u1ef1c quang Iceland \u2013 Na Uy 10 ng\u00e0y. Tr\u1ea3i nghi\u1ec7m t\u1eafm Blue Lagoon, hang b\u0103ng, xe ch\u00f3 k\u00e9o, du thuy\u1ec1n s\u0103n c\u1ef1c quang. Bay Icelandair, kh\u00e1ch s\u1ea1n 3-4 sao. Gi\u00e1 109.900.000\u0111.<\/p>\n","protected":false},"featured_media":2882,"comment_status":"open","ping_status":"closed","template":"","meta":[],"product_brand":[],"product_cat":[33],"product_tag":[128,131,129,127,34,126,132,77,130],"class_list":{"0":"post-2616","1":"product","2":"type-product","3":"status-publish","4":"has-post-thumbnail","6":"product_cat-du-lich-chau-au","7":"product_tag-blue-lagoon","8":"product_tag-du-lich-bac-cuc","9":"product_tag-hang-bang","10":"product_tag-san-cuc-quang","11":"product_tag-tour-chau-au","12":"product_tag-tour-iceland","13":"product_tag-tour-mua-dong","14":"product_tag-tour-na-uy","15":"product_tag-xe-cho-keo","17":"first","18":"instock","19":"sale","20":"shipping-taxable","21":"purchasable","22":"product-type-simple"},"_links":{"self":[{"href":"https:\/\/travelwave.id.vn\/index.php?rest_route=\/wp\/v2\/product\/2616","targetHints":{"allow":["GET"]}}],"collection":[{"href":"https:\/\/travelwave.id.vn\/index.php?rest_route=\/wp\/v2\/product"}],"about":[{"href":"https:\/\/travelwave.id.vn\/index.php?rest_route=\/wp\/v2\/types\/product"}],"replies":[{"embeddable":true,"href":"https:\/\/travelwave.id.vn\/index.php?rest_route=%2Fwp%2Fv2%2Fcomments&post=2616"}],"version-history":[{"count":1,"href":"https:\/\/travelwave.id.vn\/index.php?rest_route=\/wp\/v2\/product\/2616\/revisions"}],"predecessor-version":[{"id":2885,"href":"https:\/\/travelwave.id.vn\/index.php?rest_route=\/wp\/v2\/product\/2616\/revisions\/2885"}],"wp:featuredmedia":[{"embeddable":true,"href":"https:\/\/travelwave.id.vn\/index.php?rest_route=\/wp\/v2\/media\/2882"}],"wp:attachment":[{"href":"https:\/\/travelwave.id.vn\/index.php?rest_route=%2Fwp%2Fv2%2Fmedia&parent=2616"}],"wp:term":[{"taxonomy":"product_brand","embeddable":true,"href":"https:\/\/travelwave.id.vn\/index.php?rest_route=%2Fwp%2Fv2%2Fproduct_brand&post=2616"},{"taxonomy":"product_cat","embeddable":true,"href":"https:\/\/travelwave.id.vn\/index.php?rest_route=%2Fwp%2Fv2%2Fproduct_cat&post=2616"},{"taxonomy":"product_tag","embeddable":true,"href":"https:\/\/travelwave.id.vn\/index.php?rest_route=%2Fwp%2Fv2%2Fproduct_tag&post=2616"}],"curies":[{"name":"wp","href":"https:\/\/api.w.org\/{rel}","templated":true}]}}