{"id":2615,"date":"2026-04-17T07:42:32","date_gmt":"2026-04-17T07:42:32","guid":{"rendered":"https:\/\/travelwave.id.vn\/?post_type=product&#038;p=2615"},"modified":"2026-04-19T00:16:03","modified_gmt":"2026-04-18T17:16:03","slug":"tour-chau-au-6-nuoc-9n8d","status":"publish","type":"product","link":"https:\/\/travelwave.id.vn\/?product=tour-chau-au-6-nuoc-9n8d","title":{"rendered":"Tour Ch\u00e2u \u00c2u: 6 N\u01b0\u1edbc \u2013 Ph\u00e1p \u2013 Luxembourg \u2013 B\u1ec9 \u2013 H\u00e0 Lan \u2013 \u0110\u1ee9c \u2013 \u00dd (9N8\u0110)"},"content":{"rendered":"<ul>\n<li>\n<p class=\"ds-markdown-paragraph\">Tour Ch\u00e2u \u00c2u: 6 N\u01b0\u1edbc \u2013 Ph\u00e1p \u2013 Luxembourg \u2013 B\u1ec9 \u2013 H\u00e0 Lan \u2013 \u0110\u1ee9c \u2013 \u00dd 9 Ng\u00e0y 8 \u0110\u00eam<br \/>\n<div class=\"su-spoiler su-spoiler-style-fancy su-spoiler-icon-plus-circle su-spoiler-closed\" data-scroll-offset=\"0\" data-anchor-in-url=\"no\"><div class=\"su-spoiler-title\" tabindex=\"0\" role=\"button\"><span class=\"su-spoiler-icon\"><\/span>Ng\u00e0y 1: H\u00e0 N\u1ed9i<\/div><div class=\"su-spoiler-content su-u-clearfix su-u-trim\">Qu\u00fd kh\u00e1ch t\u1eadp trung t\u1ea1i c\u1ed9t s\u1ed1 5 Ga \u0111i trong n\u01b0\u1edbc, s\u00e2n bay T\u00e2n S\u01a1n Nh\u1ea5t. H\u01b0\u1edbng d\u1eabn vi\u00ean h\u1ed7 tr\u1ee3 l\u00e0m th\u1ee7 t\u1ee5c cho \u0111o\u00e0n \u0111\u00e1p chuy\u1ebfn bay \u0111i \u0110\u00e0 N\u1eb5ng. T\u1ea1i s\u00e2n bay \u0110\u00e0 N\u1eb5ng xe v\u00e0 HDV Vietravel \u0111\u00f3n \u0111o\u00e0n \u0111i \u0103n tr\u01b0a. Nh\u1eadn ph\u00f2ng v\u00e0 ngh\u1ec9 ng\u01a1i. Chi\u1ec1u xe \u0111\u01b0a Qu\u00fd kh\u00e1ch \u0111i tham quan: Ph\u1ed1 C\u1ed5 H\u1ed9i An &#8211; Ch\u00f9a C\u1ea7u, Nh\u00e0 C\u1ed5 Ph\u00f9ng H\u01b0ng, H\u1ed9i Qu\u00e1n Ph\u01b0\u1edbc Ki\u1ebfn, C\u01a1 s\u1edf Th\u1ee7 C\u00f4ng M\u1ef9 Ngh\u1ec7,\u2026 Qu\u00fd kh\u00e1ch t\u1ef1 do th\u01b0\u1edfng th\u1ee9c tr\u00e0 &amp; b\u00e1nh cookie Reaching Out Tea House qu\u00e1n tr\u00e0 \u0111\u1eb7c bi\u1ec7t c\u1ee7a h\u1ed9i nh\u1eefng ng\u01b0\u1eddi khuy\u1ebft t\u1eadt, \u2026. (chi ph\u00ed t\u1ef1 t\u00fac), t\u1ef1 do mua s\u1eafm t\u1ea1i Faifo Nature H\u1ed9i An. C\u00f4ng vi\u00ean \u1ea4n t\u01b0\u1ee3ng H\u1ed9i An &#8211; t\u00e1i hi\u1ec7n H\u1ed9i An c\u1ee7a qu\u00e1 kh\u1ee9, m\u1ed9t c\u1ea3ng th\u1ecb qu\u1ed1c t\u1ebf s\u1ea7m u\u1ea5t v\u1edbi s\u1ef1 hi\u1ec7n di\u1ec7n c\u1ee7a c\u00e1c n\u1ec1n v\u0103n h\u00f3a \u00c1, \u00c2u, t\u00ecm hi\u1ec3u ngh\u1ec1 nu\u00f4i t\u1eb1m \u01b0\u01a1m t\u01a1, quay t\u01a1 d\u1ec7t l\u1ee5a b\u1eb1ng khung c\u1eedi, l\u00e0m b\u00e1nh \u0111\u1eadu xanh H\u1ed9i An, th\u01b0\u1edfng th\u1ee9c tr\u00e0 \u0111\u1ea1o phong c\u00e1ch Nh\u1eadt B\u1ea3n \u2026. T\u1eb7ng Show \u201cK\u00fd \u1ee8c H\u1ed9i An\u201d &#8211; v\u1edf di\u1ec5n th\u1ef1c c\u1ea3nh ngo\u00e0i tr\u1eddi v\u1edbi s\u1ed1 l\u01b0\u1ee3ng di\u1ec5n vi\u00ean \u0111\u1ea1t k\u1ef7 l\u1ee5c Vi\u1ec7t Nam, t\u00e1i hi\u1ec7n nh\u1ecbp nh\u00e0ng sinh \u0111\u1ed9ng mi\u1ec1n k\u00fd \u1ee9c Faifo \u0111a v\u0103n h\u00f3a: Champa, B\u1ed3 \u0110\u00e0o Nha, Nh\u1eadt, Trung\u2026 ch\u1ee9ng ki\u1ebfn cu\u1ed9c s\u1ed1ng th\u00f4n qu\u00ea b\u00ecnh d\u1ecb b\u00ean d\u00f2ng s\u00f4ng Ho\u00e0i, kho\u1ea3nh kh\u1eafc h\u00f9ng tr\u00e1ng trong l\u1ecbch s\u1eed, n\u00e9t ho\u00e0ng kim c\u1ee7a c\u1ea3ng th\u1ecb m\u1ed9t th\u1eddi&#8230;<\/div><\/div>\n<div class=\"su-spoiler su-spoiler-style-fancy su-spoiler-icon-plus-circle su-spoiler-closed\" data-scroll-offset=\"0\" data-anchor-in-url=\"no\"><div class=\"su-spoiler-title\" tabindex=\"0\" role=\"button\"><span class=\"su-spoiler-icon\"><\/span>Ng\u00e0y 2: Frankfurt<\/div><div class=\"su-spoiler-content su-u-clearfix su-u-trim\">07h00: \u0110\u1ebfn Frankfurt, \u0111o\u00e0n l\u00e0m th\u1ee7 t\u1ee5c nh\u1eadp c\u1ea3nh v\u00e0 l\u1ea5y h\u00e0nh l\u00fd 08h30: Sau khi ra kh\u1ecfi s\u00e2n bay, xe \u0111\u00f3n \u0111o\u00e0n b\u1eaft \u0111\u1ea7u h\u00e0nh tr\u00ecnh kh\u00e1m ph\u00e1 n\u01b0\u1edbc \u0110\u1ee9c \u2013 qu\u1ed1c gia trung t\u00e2m c\u1ee7a ch\u00e2u \u00c2u, n\u01a1i k\u1ebft h\u1ee3p h\u00e0i h\u00f2a gi\u1eefa hi\u1ec7n \u0111\u1ea1i v\u00e0 c\u1ed5 k\u00ednh. Tham quan ch\u1ee5p \u1ea3nh t\u1ea1i c\u00e1c bi\u1ec3u t\u01b0\u1ee3ng c\u1ee7a Frankfurt: Qu\u1ea3ng tr\u01b0\u1eddng R\u00f6merberg, Nh\u00e0 th\u1edd l\u1edbn St. Bartholomew, T\u00f2a Th\u1ecb ch\u00ednh c\u1ed5, C\u1ea7u Eiserner Steg \u2013 c\u00e2y c\u1ea7u s\u1eaft bi\u1ec3u t\u01b0\u1ee3ng n\u1ed1i \u0111\u00f4i b\u1edd s\u00f4ng Main. Ng\u1eafm nh\u00ecn khu ph\u1ed1 t\u00e0i ch\u00ednh hi\u1ec7n \u0111\u1ea1i, tr\u1ee5 s\u1edf Ng\u00e2n h\u00e0ng Trung \u01b0\u01a1ng Ch\u00e2u \u00c2u. 12:30 \u0102n tr\u01b0a t\u1ea1i nh\u00e0 h\u00e0ng \u0111\u1ecba ph\u01b0\u01a1ng. Chi\u1ec1u, \u0111o\u00e0n kh\u1edfi h\u00e0nh \u0111i Nuremberg (~250km) \u0110\u1ebfn n\u01a1i, d\u1ea1o ph\u1ed1 c\u1ed5, ch\u1ee5p \u1ea3nh: Nh\u00e0 th\u1edd St. Lorenz, ph\u00e1o \u0111\u00e0i Nuremberg Castle, \u0110\u00e0i phun n\u01b0\u1edbc Sch\u00f6ner Brunnen \u2013 n\u01a1i g\u00ecn gi\u1eef n\u00e9t ki\u1ebfn tr\u00fac Trung c\u1ed5 \u0111\u1eb7c tr\u01b0ng c\u1ee7a v\u00f9ng Bavaria. 18h00 \u0111o\u00e0n \u0103n t\u1ed1i v\u00e0 v\u1ec1 kh\u00e1ch s\u1ea1n ngh\u1ec9 ng\u01a1i. Kho\u1ea3ng c\u00e1ch cung \u0111\u01b0\u1eddng tham kh\u1ea3o: \u00a7 Frankfurt \u2013 Nuremberg (~ 250km) <\/div><\/div>\n<div class=\"su-spoiler su-spoiler-style-fancy su-spoiler-icon-plus-circle su-spoiler-closed\" data-scroll-offset=\"0\" data-anchor-in-url=\"no\"><div class=\"su-spoiler-title\" tabindex=\"0\" role=\"button\"><span class=\"su-spoiler-icon\"><\/span>Ng\u00e0y 3: Nuremberg<\/div><div class=\"su-spoiler-content su-u-clearfix su-u-trim\">07h00 \u0110o\u00e0n \u0103n s\u00e1ng t\u1ea1i kh\u00e1ch s\u1ea1n 08h00 Sau b\u1eefa s\u00e1ng, \u0110o\u00e0n kh\u1edfi h\u00e0nh t\u1edbi Prague &#8211; Vi\u00ean ng\u1ecdc c\u1ee7a \u0110\u00f4ng \u00c2u. R\u1eddi Nuremberg, \u0111o\u00e0n di chuy\u1ec3n \u0111\u1ebfn Prague 12h00 \u0110o\u00e0n \u0103n tr\u01b0a, sau \u0111\u00f3 ti\u1ebfp t\u1ee5c h\u00e0nh tr\u00ecnh \u0111\u1ebfn Prague 14h30 \u0110o\u00e0n \u0111\u1ebfn Prague \u2013 th\u1ee7 \u0111\u00f4 c\u1ed5 k\u00ednh c\u1ee7a C\u1ed9ng h\u00f2a S\u00e9c, \u0111\u01b0\u1ee3c m\u1ec7nh danh l\u00e0 \u201cTh\u00e0nh ph\u1ed1 tr\u0103m th\u00e1p chu\u00f4ng\u201d. B\u1eaft \u0111\u1ea7u h\u00e0nh tr\u00ecnh kh\u00e1m ph\u00e1: Qu\u1ea3ng tr\u01b0\u1eddng Old Town s\u1ea7m u\u1ea5t \u2013 trung t\u00e2m l\u1ecbch s\u1eed c\u1ee7a th\u00e0nh ph\u1ed1, n\u01a1i h\u1ed9i t\u1ee5 nh\u1eefng t\u00f2a nh\u00e0 nhi\u1ec1u m\u00e0u s\u1eafc v\u00e0 phong c\u00e1ch ki\u1ebfn tr\u00fac Gothic \u2013 Baroque h\u00f2a quy\u1ec7n tinh t\u1ebf. Chi\u00eam ng\u01b0\u1ee1ng \u0110\u1ed3ng h\u1ed3 Thi\u00ean v\u0103n Astronomical Clock c\u00f3 t\u1eeb th\u1ebf k\u1ef7 XV \u2013 ki\u1ec7t t\u00e1c k\u1ef9 thu\u1eadt th\u1eddi Trung c\u1ed5, n\u01a1i du kh\u00e1ch t\u1ee5 t\u1eadp m\u1ed7i gi\u1edd \u0111\u1ec3 ng\u1eafm m\u00e0n tr\u00ecnh di\u1ec5n \u0111\u1ed9c \u0111\u00e1o c\u1ee7a 12 t\u00f4ng \u0111\u1ed3. T\u1ea3n b\u1ed9 qua C\u1ea7u Charles \u2013 c\u00e2y c\u1ea7u \u0111\u00e1 c\u1ed5 bi\u1ec3u t\u01b0\u1ee3ng c\u1ee7a Prague, b\u1eafc qua s\u00f4ng Vltava, \u0111\u01b0\u1ee3c trang tr\u00ed b\u1edfi h\u00e0ng ch\u1ee5c b\u1ee9c t\u01b0\u1ee3ng th\u00e1nh, l\u00e0 \u0111i\u1ec3m ch\u1ee5p h\u00ecnh \u0111\u1eb9p nh\u1ea5t c\u1ee7a th\u00e0nh ph\u1ed1. Ch\u1ee5p \u1ea3nh L\u00e2u \u0111\u00e0i Prague \u2013 qu\u1ea7n th\u1ec3 cung \u0111i\u1ec7n, nh\u00e0 th\u1edd, th\u00e1p canh h\u00f9ng v\u0129, t\u1eebng l\u00e0 n\u01a1i \u1edf c\u1ee7a c\u00e1c v\u1ecb vua Bohemia v\u00e0 hi\u1ec7n nay l\u00e0 Ph\u1ee7 T\u1ed5ng th\u1ed1ng S\u00e9c. T\u1ef1 do d\u1ea1o ph\u1ed1 c\u1ed5, th\u01b0\u1edfng th\u1ee9c c\u00e0 ph\u00ea ho\u1eb7c b\u00e1nh Trdeln\u00edk \u2013 m\u00f3n b\u00e1nh qu\u1ebf xo\u1eafn truy\u1ec1n th\u1ed1ng n\u1ed5i ti\u1ebfng (Chi ph\u00ed t\u1ef1 t\u00fac) 18h00 \u0110o\u00e0n \u0103n t\u1ed1i v\u00e0 v\u1ec1 kh\u00e1ch s\u1ea1n ngh\u1ec9 ng\u01a1i. Kho\u1ea3ng c\u00e1ch cung \u0111\u01b0\u1eddng tham kh\u1ea3o: \u00a7 Nuremberg \u2013 Prague (~ 300km<\/div><\/div>\n<\/li>\n<\/ul>\n","protected":false},"excerpt":{"rendered":"<p>Tour Ch\u00e2u \u00c2u: 6 N\u01b0\u1edbc \u2013 Ph\u00e1p \u2013 Luxembourg \u2013 B\u1ec9 \u2013 H\u00e0 Lan \u2013 \u0110\u1ee9c \u2013 \u00dd 9 Ng\u00e0y 8 \u0110\u00eam<\/p>\n","protected":false},"featured_media":2892,"comment_status":"open","ping_status":"closed","template":"","meta":[],"product_brand":[],"product_cat":[33],"product_tag":[123,122,124,125,39,41,120,34,47,121,119,35,37],"class_list":{"0":"post-2615","1":"product","2":"type-product","3":"status-publish","4":"has-post-thumbnail","6":"product_cat-du-lich-chau-au","7":"product_tag-amsterdam","8":"product_tag-brussels","9":"product_tag-cologne","10":"product_tag-du-lich-nhieu-nuoc","11":"product_tag-paris","12":"product_tag-rome","13":"product_tag-tour-bi","14":"product_tag-tour-chau-au","15":"product_tag-tour-duc","16":"product_tag-tour-ha-lan","17":"product_tag-tour-luxembourg","18":"product_tag-tour-phap","19":"product_tag-tour-y","21":"first","22":"instock","23":"sale","24":"shipping-taxable","25":"purchasable","26":"product-type-simple"},"_links":{"self":[{"href":"https:\/\/travelwave.id.vn\/index.php?rest_route=\/wp\/v2\/product\/2615","targetHints":{"allow":["GET"]}}],"collection":[{"href":"https:\/\/travelwave.id.vn\/index.php?rest_route=\/wp\/v2\/product"}],"about":[{"href":"https:\/\/travelwave.id.vn\/index.php?rest_route=\/wp\/v2\/types\/product"}],"replies":[{"embeddable":true,"href":"https:\/\/travelwave.id.vn\/index.php?rest_route=%2Fwp%2Fv2%2Fcomments&post=2615"}],"version-history":[{"count":3,"href":"https:\/\/travelwave.id.vn\/index.php?rest_route=\/wp\/v2\/product\/2615\/revisions"}],"predecessor-version":[{"id":2787,"href":"https:\/\/travelwave.id.vn\/index.php?rest_route=\/wp\/v2\/product\/2615\/revisions\/2787"}],"wp:featuredmedia":[{"embeddable":true,"href":"https:\/\/travelwave.id.vn\/index.php?rest_route=\/wp\/v2\/media\/2892"}],"wp:attachment":[{"href":"https:\/\/travelwave.id.vn\/index.php?rest_route=%2Fwp%2Fv2%2Fmedia&parent=2615"}],"wp:term":[{"taxonomy":"product_brand","embeddable":true,"href":"https:\/\/travelwave.id.vn\/index.php?rest_route=%2Fwp%2Fv2%2Fproduct_brand&post=2615"},{"taxonomy":"product_cat","embeddable":true,"href":"https:\/\/travelwave.id.vn\/index.php?rest_route=%2Fwp%2Fv2%2Fproduct_cat&post=2615"},{"taxonomy":"product_tag","embeddable":true,"href":"https:\/\/travelwave.id.vn\/index.php?rest_route=%2Fwp%2Fv2%2Fproduct_tag&post=2615"}],"curies":[{"name":"wp","href":"https:\/\/api.w.org\/{rel}","templated":true}]}}