{"id":2609,"date":"2026-04-17T07:22:05","date_gmt":"2026-04-17T07:22:05","guid":{"rendered":"https:\/\/travelwave.id.vn\/?post_type=product&#038;p=2609"},"modified":"2026-04-19T00:25:15","modified_gmt":"2026-04-18T17:25:15","slug":"tour-chau-au-anh-scotland-ireland-12n11d","status":"publish","type":"product","link":"https:\/\/travelwave.id.vn\/?product=tour-chau-au-anh-scotland-ireland-12n11d","title":{"rendered":"Tour Ch\u00e2u \u00c2u: Anh \u2013 Scotland \u2013 Ireland (12N11\u0110)"},"content":{"rendered":"<ul>\n<li>Tour Ch\u00e2u \u00c2u: Anh \u2013 Scotland \u2013 Ireland 12 Ng\u00e0y 11 \u0110\u00eam<\/li>\n<li>L\u1ecbch tr\u00ecnh t\u00f3m t\u1eaft:<\/li>\n<li>Ng\u00e0y 1: H\u00e0 N\u1ed9i \/ TP.HCM \u2013 London (Anh). Nh\u1eadn ph\u00f2ng.<\/li>\n<li>Ng\u00e0y 2: London \u2013 Cung \u0111i\u1ec7n Buckingham, Big Ben, b\u1ea3o t\u00e0ng Anh.<\/li>\n<li>Ng\u00e0y 3: London \u2013 Stonehenge \u2013 Bath \u2013 London.<\/li>\n<li>Ng\u00e0y 4: London \u2013 T\u00e0u \u0111\u1ebfn Edinburgh (Scotland).<\/li>\n<li>Ng\u00e0y 5: Edinburgh \u2013 L\u00e2u \u0111\u00e0i Edinburgh, ph\u1ed1 Royal Mile.<\/li>\n<li>Ng\u00e0y 6: Edinburgh \u2013 Cao nguy\u00ean Scotland \u2013 H\u1ed3 Loch Ness \u2013 Inverness.<\/li>\n<li>Ng\u00e0y 7: Inverness \u2013 T\u00e0u h\u1ecfa h\u01a1i n\u01b0\u1edbc Jacobite \u2013 Glasgow.<\/li>\n<li>Ng\u00e0y 8: Glasgow \u2013 Ph\u00e0 \u0111\u1ebfn Belfast (B\u1eafc Ireland) \u2013 V\u00e1ch \u0111\u00e1 Giant&#8217;s Causeway.<\/li>\n<li>Ng\u00e0y 9: Belfast \u2013 Dublin (Ireland) \u2013 Nh\u00e0 m\u00e1y bia Guinness.<\/li>\n<li>Ng\u00e0y 10: Dublin \u2013 V\u00e1ch \u0111\u00e1 Moher \u2013 Galway \u2013 Dublin<\/li>\n<li>Ng\u00e0y 11: Dublin \u2013 T\u1ef1 do \u2013 Ra s\u00e2n bay v\u1ec1 Vi\u1ec7t Nam.<\/li>\n<li>Ng\u00e0y 12: V\u1ec1 \u0111\u1ebfn H\u00e0 N\u1ed9i \/ TP.HCM.<\/li>\n<li>D\u1ecbch v\u1ee5 bao g\u1ed3m: V\u00e9 m\u00e1y bay kh\u1ee9 h\u1ed3i, kh\u00e1ch s\u1ea1n 4 sao, \u0103n 3 b\u1eefa ch\u00ednh\/ng\u00e0y, xe m\u00e1y l\u1ea1nh, v\u00e9 tham quan, HDV ti\u1ebfng Vi\u1ec7t, b\u1ea3o hi\u1ec3m du l\u1ecbch, n\u01b0\u1edbc u\u1ed1ng tr\u00ean xe, v\u00e9 t\u00e0u Jacobite.<\/li>\n<li>\n<p class=\"ds-markdown-paragraph\">Kh\u00f4ng bao g\u1ed3m: H\u1ed9 chi\u1ebfu, chi ph\u00ed c\u00e1 nh\u00e2n, ti\u1ec1n tip 5 GBP\/ng\u00e0y, ph\u1ee5 thu ph\u00f2ng \u0111\u01a1n.<\/p>\n<\/li>\n<\/ul>\n","protected":false},"excerpt":{"rendered":"<p>Tour Anh \u2013 Scotland \u2013 Ireland 12 ng\u00e0y: London, Edinburgh, Dublin, h\u1ed3 Loch Ness huy\u1ec1n b\u00ed, v\u00e1ch \u0111\u00e1 Moher h\u00f9ng v\u0129. Bay British Airways, kh\u00e1ch s\u1ea1n 4 sao. Gi\u00e1 \u01b0u \u0111\u00e3i 99.900.000\u0111<\/p>\n","protected":false},"featured_media":2909,"comment_status":"open","ping_status":"closed","template":"","meta":[],"product_brand":[],"product_cat":[33],"product_tag":[95,91,90,94,92,89,86,34,88,87,93],"class_list":{"0":"post-2609","1":"product","2":"type-product","3":"status-publish","4":"has-post-thumbnail","6":"product_cat-du-lich-chau-au","7":"product_tag-du-lich-anh-quoc","8":"product_tag-dublin","9":"product_tag-edinburgh","10":"product_tag-giants-causeway","11":"product_tag-loch-ness","12":"product_tag-london","13":"product_tag-tour-anh","14":"product_tag-tour-chau-au","15":"product_tag-tour-ireland","16":"product_tag-tour-scotland","17":"product_tag-vach-da-moher","19":"first","20":"instock","21":"sale","22":"shipping-taxable","23":"purchasable","24":"product-type-simple"},"_links":{"self":[{"href":"https:\/\/travelwave.id.vn\/index.php?rest_route=\/wp\/v2\/product\/2609","targetHints":{"allow":["GET"]}}],"collection":[{"href":"https:\/\/travelwave.id.vn\/index.php?rest_route=\/wp\/v2\/product"}],"about":[{"href":"https:\/\/travelwave.id.vn\/index.php?rest_route=\/wp\/v2\/types\/product"}],"replies":[{"embeddable":true,"href":"https:\/\/travelwave.id.vn\/index.php?rest_route=%2Fwp%2Fv2%2Fcomments&post=2609"}],"version-history":[{"count":1,"href":"https:\/\/travelwave.id.vn\/index.php?rest_route=\/wp\/v2\/product\/2609\/revisions"}],"predecessor-version":[{"id":2911,"href":"https:\/\/travelwave.id.vn\/index.php?rest_route=\/wp\/v2\/product\/2609\/revisions\/2911"}],"wp:featuredmedia":[{"embeddable":true,"href":"https:\/\/travelwave.id.vn\/index.php?rest_route=\/wp\/v2\/media\/2909"}],"wp:attachment":[{"href":"https:\/\/travelwave.id.vn\/index.php?rest_route=%2Fwp%2Fv2%2Fmedia&parent=2609"}],"wp:term":[{"taxonomy":"product_brand","embeddable":true,"href":"https:\/\/travelwave.id.vn\/index.php?rest_route=%2Fwp%2Fv2%2Fproduct_brand&post=2609"},{"taxonomy":"product_cat","embeddable":true,"href":"https:\/\/travelwave.id.vn\/index.php?rest_route=%2Fwp%2Fv2%2Fproduct_cat&post=2609"},{"taxonomy":"product_tag","embeddable":true,"href":"https:\/\/travelwave.id.vn\/index.php?rest_route=%2Fwp%2Fv2%2Fproduct_tag&post=2609"}],"curies":[{"name":"wp","href":"https:\/\/api.w.org\/{rel}","templated":true}]}}