{"id":2608,"date":"2026-04-17T06:41:04","date_gmt":"2026-04-17T06:41:04","guid":{"rendered":"https:\/\/travelwave.id.vn\/?post_type=product&#038;p=2608"},"modified":"2026-04-19T00:27:47","modified_gmt":"2026-04-18T17:27:47","slug":"tour-chau-au-bac-au-4-nuoc-11n10d","status":"publish","type":"product","link":"https:\/\/travelwave.id.vn\/?product=tour-chau-au-bac-au-4-nuoc-11n10d","title":{"rendered":"Tour Ch\u00e2u \u00c2u: B\u1eafc \u00c2u 4 N\u01b0\u1edbc \u2013 \u0110an M\u1ea1ch \u2013 Na Uy \u2013 Th\u1ee5y \u0110i\u1ec3n \u2013 Ph\u1ea7n Lan (11N10\u0110)"},"content":{"rendered":"<ul>\n<li>Tour Ch\u00e2u \u00c2u: B\u1eafc \u00c2u 4 N\u01b0\u1edbc \u2013 \u0110an M\u1ea1ch \u2013 Na Uy \u2013 Th\u1ee5y \u0110i\u1ec3n \u2013 Ph\u1ea7n Lan 11 Ng\u00e0y 10 \u0110\u00eam<\/li>\n<li>L\u1ecbch tr\u00ecnh t\u00f3m t\u1eaft:<\/li>\n<li>Ng\u00e0y 1: H\u00e0 N\u1ed9i \/ TP.HCM \u2013 Copenhagen (\u0110an M\u1ea1ch). Nh\u1eadn ph\u00f2ng.<\/li>\n<li>Ng\u00e0y 2: Copenhagen \u2013 N\u00e0ng ti\u00ean c\u00e1, cung \u0111i\u1ec7n Amalienborg, ph\u1ed1 Nyhavn.<\/li>\n<li>Ng\u00e0y 3: Copenhagen \u2013 Bay \u0111\u1ebfn Bergen (Na Uy).<\/li>\n<li>Ng\u00e0y 4: Bergen \u2013 Du thuy\u1ec1n v\u1ecbnh h\u1eb9p Sognefjord \u2013 Fl\u00e5m \u2013 Oslo (t\u00e0u \u0111\u00eam).<\/li>\n<li>Ng\u00e0y 5: Oslo \u2013 C\u00f4ng vi\u00ean Vigeland, nh\u00e0 h\u00e1t Opera.<\/li>\n<li>Ng\u00e0y 6: Oslo \u2013 Bay \u0111\u1ebfn Stockholm (Th\u1ee5y \u0110i\u1ec3n).<\/li>\n<li>Ng\u00e0y 7: Stockholm \u2013 Cung \u0111i\u1ec7n Ho\u00e0ng gia, ph\u1ed1 c\u1ed5 Gamla Stan, b\u1ea3o t\u00e0ng Vasa.<\/li>\n<li>Ng\u00e0y 8: Stockholm \u2013 Ph\u00e0 qua Helsinki (Ph\u1ea7n Lan) \u2013 qua \u0111\u00eam tr\u00ean ph\u00e0.<\/li>\n<li>Ng\u00e0y 9: Helsinki \u2013 Nh\u00e0 th\u1edd Helsinki, ph\u00e1o \u0111\u00e0i Suomenlinna.<\/li>\n<li>Ng\u00e0y 10: Helsinki \u2013 T\u1ef1 do mua s\u1eafm \u2013 Ra s\u00e2n bay v\u1ec1 Vi\u1ec7t Nam.\\<\/li>\n<li>Ng\u00e0y 11: V\u1ec1 \u0111\u1ebfn H\u00e0 N\u1ed9i \/ TP.HCM.<\/li>\n<li>D\u1ecbch v\u1ee5 bao g\u1ed3m: V\u00e9 m\u00e1y bay kh\u1ee9 h\u1ed3i, kh\u00e1ch s\u1ea1n 4 sao, \u0103n 3 b\u1eefa ch\u00ednh\/ng\u00e0y, xe m\u00e1y l\u1ea1nh, v\u00e9 tham quan, HDV ti\u1ebfng Vi\u1ec7t, b\u1ea3o hi\u1ec3m du l\u1ecbch, n\u01b0\u1edbc u\u1ed1ng tr\u00ean xe, v\u00e9 du thuy\u1ec1n v\u1ecbnh h\u1eb9p, v\u00e9 ph\u00e0 \u0111\u00eam.<\/li>\n<li>Kh\u00f4ng bao g\u1ed3m: H\u1ed9 chi\u1ebfu, chi ph\u00ed c\u00e1 nh\u00e2n, ti\u1ec1n tip 5 EUR\/ng\u00e0y, ph\u1ee5 thu ph\u00f2ng \u0111\u01a1n.<\/li>\n<\/ul>\n","protected":false},"excerpt":{"rendered":"<p>Kh\u00e1m ph\u00e1 B\u1eafc \u00c2u 4 n\u01b0\u1edbc: \u0110an M\u1ea1ch \u2013 Na Uy \u2013 Th\u1ee5y \u0110i\u1ec3n \u2013 Ph\u1ea7n Lan. Du thuy\u1ec1n v\u1ecbnh h\u1eb9p Na Uy, t\u00e0u ph\u00e1 b\u0103ng Helsinki. Bay Finnair, kh\u00e1ch s\u1ea1n 4 sao. Gi\u00e1 ch\u1ec9 t\u1eeb 89.900.000\u0111.<\/p>\n<p>&nbsp;<\/p>\n","protected":false},"featured_media":2922,"comment_status":"open","ping_status":"closed","template":"","meta":[],"product_brand":[],"product_cat":[33],"product_tag":[80,85,83,81,82,75,34,76,77,79,78,84],"class_list":{"0":"post-2608","1":"product","2":"type-product","3":"status-publish","4":"has-post-thumbnail","6":"product_cat-du-lich-chau-au","7":"product_tag-copenhagen","8":"product_tag-du-lich-bac-au","9":"product_tag-helsinki","10":"product_tag-oslo","11":"product_tag-stockholm","12":"product_tag-tour-bac-au","13":"product_tag-tour-chau-au","14":"product_tag-tour-dan-mach","15":"product_tag-tour-na-uy","16":"product_tag-tour-phan-lan","17":"product_tag-tour-thuy-dien","18":"product_tag-vinh-hep-na-uy","20":"first","21":"instock","22":"sale","23":"shipping-taxable","24":"purchasable","25":"product-type-simple"},"_links":{"self":[{"href":"https:\/\/travelwave.id.vn\/index.php?rest_route=\/wp\/v2\/product\/2608","targetHints":{"allow":["GET"]}}],"collection":[{"href":"https:\/\/travelwave.id.vn\/index.php?rest_route=\/wp\/v2\/product"}],"about":[{"href":"https:\/\/travelwave.id.vn\/index.php?rest_route=\/wp\/v2\/types\/product"}],"replies":[{"embeddable":true,"href":"https:\/\/travelwave.id.vn\/index.php?rest_route=%2Fwp%2Fv2%2Fcomments&post=2608"}],"version-history":[{"count":1,"href":"https:\/\/travelwave.id.vn\/index.php?rest_route=\/wp\/v2\/product\/2608\/revisions"}],"predecessor-version":[{"id":2926,"href":"https:\/\/travelwave.id.vn\/index.php?rest_route=\/wp\/v2\/product\/2608\/revisions\/2926"}],"wp:featuredmedia":[{"embeddable":true,"href":"https:\/\/travelwave.id.vn\/index.php?rest_route=\/wp\/v2\/media\/2922"}],"wp:attachment":[{"href":"https:\/\/travelwave.id.vn\/index.php?rest_route=%2Fwp%2Fv2%2Fmedia&parent=2608"}],"wp:term":[{"taxonomy":"product_brand","embeddable":true,"href":"https:\/\/travelwave.id.vn\/index.php?rest_route=%2Fwp%2Fv2%2Fproduct_brand&post=2608"},{"taxonomy":"product_cat","embeddable":true,"href":"https:\/\/travelwave.id.vn\/index.php?rest_route=%2Fwp%2Fv2%2Fproduct_cat&post=2608"},{"taxonomy":"product_tag","embeddable":true,"href":"https:\/\/travelwave.id.vn\/index.php?rest_route=%2Fwp%2Fv2%2Fproduct_tag&post=2608"}],"curies":[{"name":"wp","href":"https:\/\/api.w.org\/{rel}","templated":true}]}}