{"id":2607,"date":"2026-04-17T06:33:10","date_gmt":"2026-04-17T06:33:10","guid":{"rendered":"https:\/\/travelwave.id.vn\/?post_type=product&#038;p=2607"},"modified":"2026-04-19T00:29:57","modified_gmt":"2026-04-18T17:29:57","slug":"tour-chau-au-tay-ban-nha-bo-dao-nha-21n20d","status":"publish","type":"product","link":"https:\/\/travelwave.id.vn\/?product=tour-chau-au-tay-ban-nha-bo-dao-nha-21n20d","title":{"rendered":"Tour Ch\u00e2u \u00c2u: T\u00e2y Ban Nha \u2013 B\u1ed3 \u0110\u00e0o Nha (21N20\u0110)"},"content":{"rendered":"<ul>\n<li>Tour Ch\u00e2u \u00c2u: T\u00e2y Ban Nha \u2013 B\u1ed3 \u0110\u00e0o Nha 21 Ng\u00e0y 20 \u0110\u00eam<\/li>\n<li>L\u1ecbch tr\u00ecnh t\u00f3m t\u1eaft:<\/li>\n<li>Ng\u00e0y 1-2: H\u00e0 N\u1ed9i \/ TP.HCM \u2013 Madrid. Tham quan cung \u0111i\u1ec7n Ho\u00e0ng gia, qu\u1ea3ng tr\u01b0\u1eddng Mayor.<\/li>\n<li>Ng\u00e0y 3: Madrid \u2013 Toledo \u2013 Madrid.<\/li>\n<li>Ng\u00e0y 4: Madrid \u2013 Segovia \u2013 Salamanca<\/li>\n<li>Ng\u00e0y 5: Salamanca \u2013 Porto (B\u1ed3 \u0110\u00e0o Nha).<\/li>\n<li>Ng\u00e0y 6: Porto \u2013 Th\u00e1p Cl\u00e9rigos, nh\u00e0 th\u1edd S\u00e3o Francisco, n\u1ebfm r\u01b0\u1ee3u vang.<\/li>\n<li>Ng\u00e0y 7: Porto \u2013 Coimbra \u2013 F\u00e1tima \u2013 Lisbon.<\/li>\n<li>Ng\u00e0y 8: Lisbon \u2013 Bel\u00e9m, tu vi\u1ec7n Jer\u00f3nimos, b\u00e1nh tart tr\u1ee9ng.<\/li>\n<li>Ng\u00e0y 9: Lisbon \u2013 Sintra \u2013 Cascais \u2013 Lisbon.<\/li>\n<li>Ng\u00e0y 10: Lisbon \u2013 \u00c9vora \u2013 Seville (T\u00e2y Ban Nha)<\/li>\n<li>Ng\u00e0y 11: Seville \u2013 Alc\u00e1zar, qu\u1ea3ng tr\u01b0\u1eddng T\u00e2y Ban Nha.<\/li>\n<li>Ng\u00e0y 12: Seville \u2013 Ronda \u2013 Costa del Sol.<\/li>\n<li>Ng\u00e0y 13: Costa del Sol \u2013 Granada \u2013 Alhambra.<\/li>\n<li>Ng\u00e0y 14: Granada \u2013 Valencia.<\/li>\n<li>Ng\u00e0y 15: Valencia \u2013 Th\u00e0nh ph\u1ed1 ngh\u1ec7 thu\u1eadt v\u00e0 khoa h\u1ecdc, h\u1ecdc n\u1ea5u paella.<\/li>\n<li>Ng\u00e0y 16: Valencia \u2013 Barcelona.<\/li>\n<li>Ng\u00e0y 17: Barcelona \u2013 Sagrada Fam\u00edlia, c\u00f4ng vi\u00ean G\u00fcell, ph\u1ed1 La Rambla.<\/li>\n<li>Ng\u00e0y 18: Barcelona \u2013 T\u1ef1 do mua s\u1eafm.<\/li>\n<li>Ng\u00e0y 19: Barcelona \u2013 Ra s\u00e2n bay v\u1ec1 Vi\u1ec7t Nam.<\/li>\n<li>Ng\u00e0y 20: Tr\u00ean m\u00e1y bay.<\/li>\n<li>Ng\u00e0y 21: V\u1ec1 \u0111\u1ebfn H\u00e0 N\u1ed9i \/ TP.HCM.<\/li>\n<li>\n<p class=\"ds-markdown-paragraph\">D\u1ecbch v\u1ee5 bao g\u1ed3m: V\u00e9 m\u00e1y bay kh\u1ee9 h\u1ed3i, kh\u00e1ch s\u1ea1n 4 sao, \u0103n 3 b\u1eefa ch\u00ednh\/ng\u00e0y, xe m\u00e1y l\u1ea1nh, v\u00e9 tham quan, HDV ti\u1ebfng Vi\u1ec7t, b\u1ea3o hi\u1ec3m du l\u1ecbch, n\u01b0\u1edbc u\u1ed1ng tr\u00ean xe, l\u1edbp h\u1ecdc n\u1ea5u \u0103n.<\/p>\n<\/li>\n<li>\n<p class=\"ds-markdown-paragraph\">Kh\u00f4ng bao g\u1ed3m: H\u1ed9 chi\u1ebfu, chi ph\u00ed c\u00e1 nh\u00e2n, ti\u1ec1n tip 5 EUR\/ng\u00e0y, ph\u1ee5 thu ph\u00f2ng \u0111\u01a1n.<\/p>\n<\/li>\n<\/ul>\n","protected":false},"excerpt":{"rendered":"<p>Kh\u00e1m ph\u00e1 tr\u1ecdn v\u1eb9n T\u00e2y Ban Nha v\u00e0 B\u1ed3 \u0110\u00e0o Nha trong 21 ng\u00e0y. Bay Emirates, \u1edf kh\u00e1ch s\u1ea1n 4 sao, tr\u1ea3i nghi\u1ec7m \u1ea9m th\u1ef1c v\u00e0 v\u0103n h\u00f3a \u0111\u1eb7c s\u1eafc. Gi\u00e1 \u01b0u \u0111\u00e3i ch\u1ec9 t\u1eeb 85.900.000\u0111.<\/p>\n","protected":false},"featured_media":2937,"comment_status":"open","ping_status":"closed","template":"","meta":[],"product_brand":[],"product_cat":[33],"product_tag":[74,73,66,72,70,67,65,68,69,64,34,63,71],"class_list":{"0":"post-2607","1":"product","2":"type-product","3":"status-publish","4":"has-post-thumbnail","6":"product_cat-du-lich-chau-au","7":"product_tag-am-thuc-bo-dao-nha","8":"product_tag-am-thuc-tay-ban-nha","9":"product_tag-barcelona","10":"product_tag-du-lich-chau-au-dai-ngay","11":"product_tag-granada","12":"product_tag-lisbon","13":"product_tag-madrid","14":"product_tag-porto","15":"product_tag-seville","16":"product_tag-tour-bo-dao-nha","17":"product_tag-tour-chau-au","18":"product_tag-tour-tay-ban-nha","19":"product_tag-valencia","21":"first","22":"instock","23":"sale","24":"shipping-taxable","25":"purchasable","26":"product-type-simple"},"_links":{"self":[{"href":"https:\/\/travelwave.id.vn\/index.php?rest_route=\/wp\/v2\/product\/2607","targetHints":{"allow":["GET"]}}],"collection":[{"href":"https:\/\/travelwave.id.vn\/index.php?rest_route=\/wp\/v2\/product"}],"about":[{"href":"https:\/\/travelwave.id.vn\/index.php?rest_route=\/wp\/v2\/types\/product"}],"replies":[{"embeddable":true,"href":"https:\/\/travelwave.id.vn\/index.php?rest_route=%2Fwp%2Fv2%2Fcomments&post=2607"}],"version-history":[{"count":1,"href":"https:\/\/travelwave.id.vn\/index.php?rest_route=\/wp\/v2\/product\/2607\/revisions"}],"predecessor-version":[{"id":2944,"href":"https:\/\/travelwave.id.vn\/index.php?rest_route=\/wp\/v2\/product\/2607\/revisions\/2944"}],"wp:featuredmedia":[{"embeddable":true,"href":"https:\/\/travelwave.id.vn\/index.php?rest_route=\/wp\/v2\/media\/2937"}],"wp:attachment":[{"href":"https:\/\/travelwave.id.vn\/index.php?rest_route=%2Fwp%2Fv2%2Fmedia&parent=2607"}],"wp:term":[{"taxonomy":"product_brand","embeddable":true,"href":"https:\/\/travelwave.id.vn\/index.php?rest_route=%2Fwp%2Fv2%2Fproduct_brand&post=2607"},{"taxonomy":"product_cat","embeddable":true,"href":"https:\/\/travelwave.id.vn\/index.php?rest_route=%2Fwp%2Fv2%2Fproduct_cat&post=2607"},{"taxonomy":"product_tag","embeddable":true,"href":"https:\/\/travelwave.id.vn\/index.php?rest_route=%2Fwp%2Fv2%2Fproduct_tag&post=2607"}],"curies":[{"name":"wp","href":"https:\/\/api.w.org\/{rel}","templated":true}]}}