{"id":2557,"date":"2026-04-17T03:36:40","date_gmt":"2026-04-17T03:36:40","guid":{"rendered":"https:\/\/travelwave.id.vn\/?post_type=product&#038;p=2557"},"modified":"2026-04-17T03:36:40","modified_gmt":"2026-04-17T03:36:40","slug":"cao-bang-pac-po-thac-ban-gioc-ba-be","status":"publish","type":"product","link":"https:\/\/travelwave.id.vn\/?product=cao-bang-pac-po-thac-ban-gioc-ba-be","title":{"rendered":"Cao B\u1eb1ng &#8211; P\u00e1c P\u00f3 &#8211; Th\u00e1c B\u1ea3n Gi\u1ed1c &#8211; Ba B\u1ec3"},"content":{"rendered":"<ul>\n<li>\n<p data-path-to-node=\"1,0,0\"><b data-path-to-node=\"1,0,0\" data-index-in-node=\"0\">Khu di t\u00edch P\u00e1c B\u00f3:<\/b> Tham quan n\u01a1i Ch\u1ee7 t\u1ecbch H\u1ed3 Ch\u00ed Minh t\u1eebng s\u1ed1ng v\u00e0 l\u00e0m vi\u1ec7c, ng\u1eafm nh\u00ecn d\u00f2ng su\u1ed1i L\u00ea Nin trong xanh nh\u01b0 ng\u1ecdc v\u00e0 hang C\u1ed1c B\u00f3 mang \u0111\u1eadm d\u1ea5u \u1ea5n l\u1ecbch s\u1eed.<\/p>\n<\/li>\n<li>\n<p data-path-to-node=\"1,1,0\"><b data-path-to-node=\"1,1,0\" data-index-in-node=\"0\">Th\u00e1c B\u1ea3n Gi\u1ed1c:<\/b> Chi\u00eam ng\u01b0\u1ee1ng v\u1ebb \u0111\u1eb9p c\u1ee7a th\u00e1c n\u01b0\u1edbc t\u1ef1 nhi\u00ean l\u1edbn nh\u1ea5t \u0110\u00f4ng Nam \u00c1 v\u1edbi nh\u1eefng t\u1ea7ng n\u01b0\u1edbc \u0111\u1ed5 tr\u1eafng x\u00f3a k\u1ef3 v\u0129 gi\u1eefa ranh gi\u1edbi \u0111\u1ea1i ng\u00e0n bi\u00ean c\u01b0\u01a1ng.<\/p>\n<\/li>\n<li>\n<p data-path-to-node=\"1,2,0\"><b data-path-to-node=\"1,2,0\" data-index-in-node=\"0\">H\u1ed3 Ba B\u1ec3:<\/b> Tr\u1ea3i nghi\u1ec7m ng\u1ed3i thuy\u1ec1n l\u01b0\u1edbt tr\u00ean m\u1eb7t h\u1ed3 t\u0129nh l\u1eb7ng, kh\u00e1m ph\u00e1 h\u1ec7 sinh th\u00e1i \u0111a d\u1ea1ng v\u00e0 t\u1eadn h\u01b0\u1edfng kh\u00f4ng gian y\u00ean b\u00ecnh c\u1ee7a v\u00f9ng l\u00f5i r\u1eebng qu\u1ed1c gia.<\/p>\n<\/li>\n<li>\n<p data-path-to-node=\"1,3,0\"><b data-path-to-node=\"1,3,0\" data-index-in-node=\"0\">V\u0103n h\u00f3a b\u1ea3n \u0111\u1ecba:<\/b> Giao l\u01b0u c\u00f9ng \u0111\u1ed3ng b\u00e0o d\u00e2n t\u1ed9c T\u00e0y, N\u00f9ng, th\u01b0\u1edfng th\u1ee9c c\u00e1c m\u00f3n \u0111\u1eb7c s\u1ea3n v\u00f9ng cao v\u00e0 t\u00ecm hi\u1ec3u nh\u1eefng n\u00e9t phong t\u1ee5c t\u1eadp qu\u00e1n \u0111\u1ed9c \u0111\u00e1o c\u1ee7a ng\u01b0\u1eddi d\u00e2n \u0111\u1ecba ph\u01b0\u01a1ng.<\/p>\n<\/li>\n<\/ul>\n","protected":false},"excerpt":{"rendered":"<p>Khu di t\u00edch P\u00e1c B\u00f3: Tham quan n\u01a1i Ch\u1ee7 t\u1ecbch H\u1ed3 Ch\u00ed Minh t\u1eebng s\u1ed1ng v\u00e0 l\u00e0m vi\u1ec7c, ng\u1eafm nh\u00ecn d\u00f2ng su\u1ed1i L\u00ea Nin trong xanh nh\u01b0 ng\u1ecdc v\u00e0 hang C\u1ed1c B\u00f3 mang \u0111\u1eadm d\u1ea5u \u1ea5n l\u1ecbch s\u1eed. Th\u00e1c B\u1ea3n Gi\u1ed1c: Chi\u00eam ng\u01b0\u1ee1ng v\u1ebb \u0111\u1eb9p c\u1ee7a th\u00e1c n\u01b0\u1edbc t\u1ef1 nhi\u00ean l\u1edbn nh\u1ea5t \u0110\u00f4ng Nam \u00c1 [&hellip;]<\/p>\n","protected":false},"featured_media":2560,"comment_status":"open","ping_status":"closed","template":"","meta":[],"product_brand":[],"product_cat":[32],"product_tag":[],"class_list":{"0":"post-2557","1":"product","2":"type-product","3":"status-publish","4":"has-post-thumbnail","6":"product_cat-du-lich-trong-nuoc","8":"first","9":"instock","10":"shipping-taxable","11":"purchasable","12":"product-type-simple"},"_links":{"self":[{"href":"https:\/\/travelwave.id.vn\/index.php?rest_route=\/wp\/v2\/product\/2557","targetHints":{"allow":["GET"]}}],"collection":[{"href":"https:\/\/travelwave.id.vn\/index.php?rest_route=\/wp\/v2\/product"}],"about":[{"href":"https:\/\/travelwave.id.vn\/index.php?rest_route=\/wp\/v2\/types\/product"}],"replies":[{"embeddable":true,"href":"https:\/\/travelwave.id.vn\/index.php?rest_route=%2Fwp%2Fv2%2Fcomments&post=2557"}],"version-history":[{"count":0,"href":"https:\/\/travelwave.id.vn\/index.php?rest_route=\/wp\/v2\/product\/2557\/revisions"}],"wp:featuredmedia":[{"embeddable":true,"href":"https:\/\/travelwave.id.vn\/index.php?rest_route=\/wp\/v2\/media\/2560"}],"wp:attachment":[{"href":"https:\/\/travelwave.id.vn\/index.php?rest_route=%2Fwp%2Fv2%2Fmedia&parent=2557"}],"wp:term":[{"taxonomy":"product_brand","embeddable":true,"href":"https:\/\/travelwave.id.vn\/index.php?rest_route=%2Fwp%2Fv2%2Fproduct_brand&post=2557"},{"taxonomy":"product_cat","embeddable":true,"href":"https:\/\/travelwave.id.vn\/index.php?rest_route=%2Fwp%2Fv2%2Fproduct_cat&post=2557"},{"taxonomy":"product_tag","embeddable":true,"href":"https:\/\/travelwave.id.vn\/index.php?rest_route=%2Fwp%2Fv2%2Fproduct_tag&post=2557"}],"curies":[{"name":"wp","href":"https:\/\/api.w.org\/{rel}","templated":true}]}}