{"id":2523,"date":"2026-04-16T16:00:26","date_gmt":"2026-04-16T16:00:26","guid":{"rendered":"https:\/\/travelwave.id.vn\/?post_type=product&#038;p=2523"},"modified":"2026-04-17T08:46:05","modified_gmt":"2026-04-17T08:46:05","slug":"2523","status":"publish","type":"product","link":"https:\/\/travelwave.id.vn\/?product=2523","title":{"rendered":"Tour N\u1eeda Ng\u00e0y Nh\u1ea5t \u0110\u1ecbnh Ph\u1ea3i Xem \u1edf Th\u00e0nh Ph\u1ed1 H\u1ed3 Ch\u00ed Minh"},"content":{"rendered":"<h2 class=\"css-901oao r-15tef7g r-1w9mtv9 r-1kfrs79 r-rjixqe r-fdjqy7\" dir=\"auto\" aria-level=\"2\" data-testid=\"experienceContentTitle\">B\u1ea1n s\u1ebd tr\u1ea3i nghi\u1ec7m<\/h2>\n<div class=\"css-1dbjc4n r-1ifxtd0\" data-testid=\"ctr_highlightsContent\">\n<div class=\"css-1dbjc4n r-1udh08x\">\n<div class=\"css-1dbjc4n r-1ifxtd0 r-11wrixw r-88pszg r-1wzrnnt\">\n<div class=\"css-1dbjc4n r-1habvwh r-18u37iz r-1w6e6rj\">\n<div class=\"css-1dbjc4n r-obd0qt r-z80fyv r-1777fci r-1kb76zh\">\n<div class=\"css-1dbjc4n r-1jkafct\"><\/div>\n<\/div>\n<div class=\"css-1dbjc4n r-13awgt0\">\n<ul>\n<li class=\"css-901oao r-uh8wd5 r-majxgm r-fdjqy7\" dir=\"auto\">Dinh Th\u1ed1ng Nh\u1ea5t: T\u1eebng l\u00e0 dinh t\u1ed5ng th\u1ed1ng c\u1ee7a Vi\u1ec7t Nam C\u1ed9ng h\u00f2a, t\u00f2a nh\u00e0 mang t\u00ednh bi\u1ec3u t\u01b0\u1ee3ng n\u00e0y tr\u01b0ng b\u00e0y ki\u1ebfn tr\u00fac \u0111\u1ed9c \u0111\u00e1o v\u00e0 c\u00e1c hi\u1ec7n v\u1eadt l\u1ecbch s\u1eed quan tr\u1ecdng.<\/li>\n<\/ul>\n<\/div>\n<\/div>\n<div class=\"css-1dbjc4n r-1habvwh r-18u37iz r-1w6e6rj\">\n<div class=\"css-1dbjc4n r-obd0qt r-z80fyv r-1777fci r-1kb76zh\">\n<div class=\"css-1dbjc4n r-1jkafct\"><\/div>\n<\/div>\n<div class=\"css-1dbjc4n r-13awgt0\">\n<ul>\n<li class=\"css-901oao r-uh8wd5 r-majxgm r-fdjqy7\" dir=\"auto\">B\u1ea3o t\u00e0ng Ch\u1ee9ng t\u00edch Chi\u1ebfn tranh: T\u00ecm hi\u1ec3u s\u00e2u h\u01a1n v\u1ec1 qu\u00e1 kh\u1ee9 \u0111\u1ea7y bi\u1ebfn \u0111\u1ed9ng c\u1ee7a Vi\u1ec7t Nam th\u00f4ng qua nh\u1eefng b\u1ee9c \u1ea3nh, t\u00e0i li\u1ec7u v\u00e0 di v\u1eadt chi\u1ebfn tranh \u0111\u1ea7y t\u00e1c \u0111\u1ed9ng.<\/li>\n<\/ul>\n<\/div>\n<\/div>\n<div class=\"css-1dbjc4n r-1habvwh r-18u37iz r-1w6e6rj\">\n<div class=\"css-1dbjc4n r-obd0qt r-z80fyv r-1777fci r-1kb76zh\">\n<div class=\"css-1dbjc4n r-1jkafct\"><\/div>\n<\/div>\n<div class=\"css-1dbjc4n r-13awgt0\">\n<ul>\n<li class=\"css-901oao r-uh8wd5 r-majxgm r-fdjqy7\" dir=\"auto\">B\u01b0u \u0111i\u1ec7n Trung t\u00e2m &amp; Nh\u00e0 th\u1edd \u0110\u1ee9c B\u00e0 S\u00e0i G\u00f2n<\/li>\n<\/ul>\n<\/div>\n<\/div>\n<div class=\"css-1dbjc4n r-1habvwh r-18u37iz r-1w6e6rj\">\n<div class=\"css-1dbjc4n r-obd0qt r-z80fyv r-1777fci r-1kb76zh\">\n<div class=\"css-1dbjc4n r-1jkafct\"><\/div>\n<\/div>\n<div class=\"css-1dbjc4n r-13awgt0\">\n<ul>\n<li class=\"css-901oao r-uh8wd5 r-majxgm r-fdjqy7\" dir=\"auto\">Ch\u1ee3 B\u1ebfn Th\u00e0nh: D\u1ea1o quanh khu ch\u1ee3 n\u1ed5i ti\u1ebfng nh\u1ea5t c\u1ee7a th\u00e0nh ph\u1ed1\u2014n\u01a1i ho\u00e0n h\u1ea3o \u0111\u1ec3 mua s\u1eafm qu\u00e0 l\u01b0u ni\u1ec7m, \u0111\u1ed3 th\u1ee7 c\u00f4ng m\u1ef9 ngh\u1ec7 v\u00e0 n\u1ebfm th\u1eed c\u00e1c m\u00f3n \u0103n \u0111\u01b0\u1eddng ph\u1ed1 \u0111\u1ecba ph\u01b0\u01a1ng.<\/li>\n<\/ul>\n<\/div>\n<\/div>\n<div class=\"css-1dbjc4n r-1habvwh r-18u37iz r-1w6e6rj\">\n<div class=\"css-1dbjc4n r-obd0qt r-z80fyv r-1777fci r-1kb76zh\">\n<div class=\"css-1dbjc4n r-1jkafct\"><\/div>\n<\/div>\n<div class=\"css-1dbjc4n r-13awgt0\">\n<ul>\n<li class=\"css-901oao r-uh8wd5 r-majxgm r-fdjqy7\" dir=\"auto\">Ch\u00f9a Ng\u1ecdc Ho\u00e0ng<\/li>\n<\/ul>\n<\/div>\n<\/div>\n<\/div>\n<\/div>\n<\/div>\n","protected":false},"excerpt":{"rendered":"<p>B\u1ea1n s\u1ebd tr\u1ea3i nghi\u1ec7m Dinh Th\u1ed1ng Nh\u1ea5t: T\u1eebng l\u00e0 dinh t\u1ed5ng th\u1ed1ng c\u1ee7a Vi\u1ec7t Nam C\u1ed9ng h\u00f2a, t\u00f2a nh\u00e0 mang t\u00ednh bi\u1ec3u t\u01b0\u1ee3ng n\u00e0y tr\u01b0ng b\u00e0y ki\u1ebfn tr\u00fac \u0111\u1ed9c \u0111\u00e1o v\u00e0 c\u00e1c hi\u1ec7n v\u1eadt l\u1ecbch s\u1eed quan tr\u1ecdng. B\u1ea3o t\u00e0ng Ch\u1ee9ng t\u00edch Chi\u1ebfn tranh: T\u00ecm hi\u1ec3u s\u00e2u h\u01a1n v\u1ec1 qu\u00e1 kh\u1ee9 \u0111\u1ea7y bi\u1ebfn \u0111\u1ed9ng c\u1ee7a [&hellip;]<\/p>\n","protected":false},"featured_media":2632,"comment_status":"open","ping_status":"closed","template":"","meta":[],"product_brand":[],"product_cat":[31],"product_tag":[],"class_list":{"0":"post-2523","1":"product","2":"type-product","3":"status-publish","4":"has-post-thumbnail","6":"product_cat-du-lich-trong-thanh-pho","8":"first","9":"instock","10":"shipping-taxable","11":"purchasable","12":"product-type-simple"},"_links":{"self":[{"href":"https:\/\/travelwave.id.vn\/index.php?rest_route=\/wp\/v2\/product\/2523","targetHints":{"allow":["GET"]}}],"collection":[{"href":"https:\/\/travelwave.id.vn\/index.php?rest_route=\/wp\/v2\/product"}],"about":[{"href":"https:\/\/travelwave.id.vn\/index.php?rest_route=\/wp\/v2\/types\/product"}],"replies":[{"embeddable":true,"href":"https:\/\/travelwave.id.vn\/index.php?rest_route=%2Fwp%2Fv2%2Fcomments&post=2523"}],"version-history":[{"count":0,"href":"https:\/\/travelwave.id.vn\/index.php?rest_route=\/wp\/v2\/product\/2523\/revisions"}],"wp:featuredmedia":[{"embeddable":true,"href":"https:\/\/travelwave.id.vn\/index.php?rest_route=\/wp\/v2\/media\/2632"}],"wp:attachment":[{"href":"https:\/\/travelwave.id.vn\/index.php?rest_route=%2Fwp%2Fv2%2Fmedia&parent=2523"}],"wp:term":[{"taxonomy":"product_brand","embeddable":true,"href":"https:\/\/travelwave.id.vn\/index.php?rest_route=%2Fwp%2Fv2%2Fproduct_brand&post=2523"},{"taxonomy":"product_cat","embeddable":true,"href":"https:\/\/travelwave.id.vn\/index.php?rest_route=%2Fwp%2Fv2%2Fproduct_cat&post=2523"},{"taxonomy":"product_tag","embeddable":true,"href":"https:\/\/travelwave.id.vn\/index.php?rest_route=%2Fwp%2Fv2%2Fproduct_tag&post=2523"}],"curies":[{"name":"wp","href":"https:\/\/api.w.org\/{rel}","templated":true}]}}