{"id":2521,"date":"2026-04-16T15:53:47","date_gmt":"2026-04-16T15:53:47","guid":{"rendered":"https:\/\/travelwave.id.vn\/?post_type=product&#038;p=2521"},"modified":"2026-04-18T22:15:03","modified_gmt":"2026-04-18T15:15:03","slug":"xe-buyt-hai-tang-saigon-hop-on-hop-off","status":"publish","type":"product","link":"https:\/\/travelwave.id.vn\/?product=xe-buyt-hai-tang-saigon-hop-on-hop-off","title":{"rendered":"Xe bu\u00fdt hai t\u1ea7ng Saigon Hop-on Hop-off"},"content":{"rendered":"<div class=\"css-1dbjc4n r-6koalj r-1euycsn r-1wtj0ep r-iphfwy r-ymttw5 r-ttdzmv\">\n<div class=\"css-1dbjc4n r-s1qlax r-ttdzmv\">\n<h2 class=\"css-4rbku5 css-901oao r-uh8wd5 r-b88u0q r-fdjqy7\" dir=\"auto\" role=\"heading\" aria-level=\"2\">B\u1ea1n s\u1ebd tr\u1ea3i nghi\u1ec7m<\/h2>\n<\/div>\n<\/div>\n<div class=\"css-1dbjc4n r-150rngu r-eqz5dr r-16y2uox r-1wbh5a2 r-11yh6sk r-1rnoaur r-1sncvnh\">\n<div class=\"css-1dbjc4n r-d9fdf6\">\n<div class=\"css-1dbjc4n r-1ifxtd0 r-11wrixw r-88pszg r-1wzrnnt\">\n<div class=\"css-1dbjc4n r-1habvwh r-18u37iz r-1w6e6rj\">\n<div class=\"css-1dbjc4n r-obd0qt r-z80fyv r-1777fci r-1kb76zh\">\n<div class=\"css-1dbjc4n r-1jkafct r-10g5efv\"><\/div>\n<\/div>\n<div class=\"css-1dbjc4n r-13awgt0\">\n<ul>\n<li class=\"css-901oao r-uh8wd5 r-majxgm r-fdjqy7\" dir=\"auto\">Chi\u00eam ng\u01b0\u1ee1ng c\u00e1c \u0111\u1ecba \u0111i\u1ec3m n\u1ed5i ti\u1ebfng c\u1ee7a th\u00e0nh ph\u1ed1 bao g\u1ed3m Dinh \u0110\u1ed9c L\u1eadp, Nh\u00e0 th\u1edd \u0110\u1ee9c B\u00e0 S\u00e0i G\u00f2n v\u00e0 B\u1ea3o t\u00e0ng Ch\u1ee9ng t\u00edch Chi\u1ebfn tranh<\/li>\n<\/ul>\n<\/div>\n<\/div>\n<div class=\"css-1dbjc4n r-1habvwh r-18u37iz r-1w6e6rj\">\n<div class=\"css-1dbjc4n r-obd0qt r-z80fyv r-1777fci r-1kb76zh\">\n<div class=\"css-1dbjc4n r-1jkafct r-10g5efv\"><\/div>\n<\/div>\n<div class=\"css-1dbjc4n r-13awgt0\">\n<ul>\n<li class=\"css-901oao r-uh8wd5 r-majxgm r-fdjqy7\" dir=\"auto\">Nghe h\u01b0\u1edbng d\u1eabn \u00e2m thanh GPS v\u1ec1 c\u00e1c \u0111\u1ecba danh \u0111\u1ecba ph\u01b0\u01a1ng b\u1eb1ng ti\u1ebfng Anh ho\u1eb7c ti\u1ebfng Vi\u1ec7t<\/li>\n<\/ul>\n<\/div>\n<\/div>\n<div class=\"css-1dbjc4n r-1habvwh r-18u37iz r-1w6e6rj\">\n<div class=\"css-1dbjc4n r-obd0qt r-z80fyv r-1777fci r-1kb76zh\">\n<div class=\"css-1dbjc4n r-1jkafct r-10g5efv\"><\/div>\n<\/div>\n<div class=\"css-1dbjc4n r-13awgt0\">\n<ul>\n<li class=\"css-901oao r-uh8wd5 r-majxgm r-fdjqy7\" dir=\"auto\">Ng\u1eafm nh\u00ecn S\u00e0i G\u00f2n r\u1ef1c r\u1ee1 nh\u1ea5t v\u00e0o gi\u1edd v\u00e0ng v\u00e0 bu\u1ed5i t\u1ed1i<\/li>\n<\/ul>\n<\/div>\n<\/div>\n<\/div>\n<\/div>\n<\/div>\n","protected":false},"excerpt":{"rendered":"<p>B\u1ea1n s\u1ebd tr\u1ea3i nghi\u1ec7m Chi\u00eam ng\u01b0\u1ee1ng c\u00e1c \u0111\u1ecba \u0111i\u1ec3m n\u1ed5i ti\u1ebfng c\u1ee7a th\u00e0nh ph\u1ed1 bao g\u1ed3m Dinh \u0110\u1ed9c L\u1eadp, Nh\u00e0 th\u1edd \u0110\u1ee9c B\u00e0 S\u00e0i G\u00f2n v\u00e0 B\u1ea3o t\u00e0ng Ch\u1ee9ng t\u00edch Chi\u1ebfn tranh Nghe h\u01b0\u1edbng d\u1eabn \u00e2m thanh GPS v\u1ec1 c\u00e1c \u0111\u1ecba danh \u0111\u1ecba ph\u01b0\u01a1ng b\u1eb1ng ti\u1ebfng Anh ho\u1eb7c ti\u1ebfng Vi\u1ec7t Ng\u1eafm nh\u00ecn S\u00e0i G\u00f2n r\u1ef1c [&hellip;]<\/p>\n","protected":false},"featured_media":2655,"comment_status":"open","ping_status":"closed","template":"","meta":[],"product_brand":[],"product_cat":[31],"product_tag":[],"class_list":{"0":"post-2521","1":"product","2":"type-product","3":"status-publish","4":"has-post-thumbnail","6":"product_cat-du-lich-trong-thanh-pho","8":"first","9":"instock","10":"sale","11":"shipping-taxable","12":"purchasable","13":"product-type-simple"},"_links":{"self":[{"href":"https:\/\/travelwave.id.vn\/index.php?rest_route=\/wp\/v2\/product\/2521","targetHints":{"allow":["GET"]}}],"collection":[{"href":"https:\/\/travelwave.id.vn\/index.php?rest_route=\/wp\/v2\/product"}],"about":[{"href":"https:\/\/travelwave.id.vn\/index.php?rest_route=\/wp\/v2\/types\/product"}],"replies":[{"embeddable":true,"href":"https:\/\/travelwave.id.vn\/index.php?rest_route=%2Fwp%2Fv2%2Fcomments&post=2521"}],"version-history":[{"count":1,"href":"https:\/\/travelwave.id.vn\/index.php?rest_route=\/wp\/v2\/product\/2521\/revisions"}],"predecessor-version":[{"id":2829,"href":"https:\/\/travelwave.id.vn\/index.php?rest_route=\/wp\/v2\/product\/2521\/revisions\/2829"}],"wp:featuredmedia":[{"embeddable":true,"href":"https:\/\/travelwave.id.vn\/index.php?rest_route=\/wp\/v2\/media\/2655"}],"wp:attachment":[{"href":"https:\/\/travelwave.id.vn\/index.php?rest_route=%2Fwp%2Fv2%2Fmedia&parent=2521"}],"wp:term":[{"taxonomy":"product_brand","embeddable":true,"href":"https:\/\/travelwave.id.vn\/index.php?rest_route=%2Fwp%2Fv2%2Fproduct_brand&post=2521"},{"taxonomy":"product_cat","embeddable":true,"href":"https:\/\/travelwave.id.vn\/index.php?rest_route=%2Fwp%2Fv2%2Fproduct_cat&post=2521"},{"taxonomy":"product_tag","embeddable":true,"href":"https:\/\/travelwave.id.vn\/index.php?rest_route=%2Fwp%2Fv2%2Fproduct_tag&post=2521"}],"curies":[{"name":"wp","href":"https:\/\/api.w.org\/{rel}","templated":true}]}}