{"id":2520,"date":"2026-04-16T15:50:15","date_gmt":"2026-04-16T15:50:15","guid":{"rendered":"https:\/\/travelwave.id.vn\/?post_type=product&#038;p=2520"},"modified":"2026-04-16T15:50:15","modified_gmt":"2026-04-16T15:50:15","slug":"tour-dragonfly-cruise-vinh-ha-long-1-ngay","status":"publish","type":"product","link":"https:\/\/travelwave.id.vn\/?product=tour-dragonfly-cruise-vinh-ha-long-1-ngay","title":{"rendered":"Tour Dragonfly Cruise v\u1ecbnh H\u1ea1 Long &#8211; 1 ng\u00e0y"},"content":{"rendered":"<div class=\"css-1dbjc4n r-6koalj r-1euycsn r-1wtj0ep r-iphfwy r-ymttw5 r-ttdzmv\">\n<div class=\"css-1dbjc4n r-s1qlax r-ttdzmv\">\n<h2 class=\"css-4rbku5 css-901oao r-uh8wd5 r-b88u0q r-vrz42v r-fdjqy7\" dir=\"auto\" role=\"heading\" aria-level=\"2\">B\u1ea1n s\u1ebd tr\u1ea3i nghi\u1ec7m<\/h2>\n<\/div>\n<\/div>\n<div class=\"css-1dbjc4n r-150rngu r-eqz5dr r-16y2uox r-1wbh5a2 r-11yh6sk r-1rnoaur r-1sncvnh\">\n<div class=\"css-1dbjc4n r-d9fdf6\">\n<div class=\"css-1dbjc4n r-1ifxtd0 r-11wrixw r-88pszg r-1wzrnnt\">\n<div class=\"css-1dbjc4n r-1habvwh r-18u37iz r-1w6e6rj\">\n<div class=\"css-1dbjc4n r-obd0qt r-z80fyv r-1777fci r-1kb76zh\">\n<div class=\"css-1dbjc4n r-1jkafct\"><\/div>\n<\/div>\n<div class=\"css-1dbjc4n r-13awgt0\">\n<ul>\n<li class=\"css-901oao r-uh8wd5 r-majxgm r-fdjqy7\" dir=\"auto\">Tham quan H\u1ea1 Long tr\u00ean du thuy\u1ec1n g\u1ed7 Dragonfly Cruise c\u1ed5 \u0111i\u1ec3n<\/li>\n<\/ul>\n<\/div>\n<\/div>\n<div class=\"css-1dbjc4n r-1habvwh r-18u37iz r-1w6e6rj\">\n<div class=\"css-1dbjc4n r-obd0qt r-z80fyv r-1777fci r-1kb76zh\">\n<div class=\"css-1dbjc4n r-1jkafct\"><\/div>\n<\/div>\n<div class=\"css-1dbjc4n r-13awgt0\">\n<ul>\n<li class=\"css-901oao r-uh8wd5 r-majxgm r-fdjqy7\" dir=\"auto\">\u0110\u1eafm ch\u00ecm tr\u01b0\u1edbc v\u1ebb \u0111\u1eb9p c\u1ee7a c\u00e1c \u0111\u1ea3o l\u1edbn nh\u1ecf t\u1ea1i v\u1ecbnh H\u1ea1 Long nh\u01b0 h\u00f2n Ch\u00f3 \u0110\u00e1, h\u00f2n V\u1ecbt, h\u00f2n Ng\u00f3n Tay, h\u00f2n \u0110\u1ec9nh H\u01b0\u01a1ng, v\u00e0 h\u00f2n Tr\u1ed1ng M\u00e1i<\/li>\n<\/ul>\n<\/div>\n<\/div>\n<div class=\"css-1dbjc4n r-1habvwh r-18u37iz r-1w6e6rj\">\n<div class=\"css-1dbjc4n r-obd0qt r-z80fyv r-1777fci r-1kb76zh\">\n<div class=\"css-1dbjc4n r-1jkafct\"><\/div>\n<\/div>\n<div class=\"css-1dbjc4n r-13awgt0\">\n<ul>\n<li class=\"css-901oao r-uh8wd5 r-majxgm r-fdjqy7\" dir=\"auto\">Tr\u1ea7m tr\u1ed3 khi v\u00e0o \u0111\u1ed9ng Thi\u00ean Cung v\u1edbi v\u00f4 v\u00e0n nh\u0169 \u0111\u00e1 v\u00e0 m\u0103ng \u0111\u00e1 v\u1edbi nhi\u1ec1u h\u00ecnh d\u1ea1ng k\u1ef3 th\u00fa<\/li>\n<\/ul>\n<\/div>\n<\/div>\n<div class=\"css-1dbjc4n r-1habvwh r-18u37iz r-1w6e6rj\">\n<div class=\"css-1dbjc4n r-obd0qt r-z80fyv r-1777fci r-1kb76zh\">\n<div class=\"css-1dbjc4n r-1jkafct\"><\/div>\n<\/div>\n<div class=\"css-1dbjc4n r-13awgt0\">\n<ul>\n<li class=\"css-901oao r-uh8wd5 r-majxgm r-fdjqy7\" dir=\"auto\">Tr\u1ea3i nghi\u1ec7m ch\u00e8o thuy\u1ec1n kayak ho\u1eb7c ch\u00e8o thuy\u1ec1n nan \u0111\u1ed9c \u0111\u00e1o<\/li>\n<\/ul>\n<\/div>\n<\/div>\n<\/div>\n<\/div>\n<\/div>\n","protected":false},"excerpt":{"rendered":"<p>B\u1ea1n s\u1ebd tr\u1ea3i nghi\u1ec7m Tham quan H\u1ea1 Long tr\u00ean du thuy\u1ec1n g\u1ed7 Dragonfly Cruise c\u1ed5 \u0111i\u1ec3n \u0110\u1eafm ch\u00ecm tr\u01b0\u1edbc v\u1ebb \u0111\u1eb9p c\u1ee7a c\u00e1c \u0111\u1ea3o l\u1edbn nh\u1ecf t\u1ea1i v\u1ecbnh H\u1ea1 Long nh\u01b0 h\u00f2n Ch\u00f3 \u0110\u00e1, h\u00f2n V\u1ecbt, h\u00f2n Ng\u00f3n Tay, h\u00f2n \u0110\u1ec9nh H\u01b0\u01a1ng, v\u00e0 h\u00f2n Tr\u1ed1ng M\u00e1i Tr\u1ea7m tr\u1ed3 khi v\u00e0o \u0111\u1ed9ng Thi\u00ean Cung v\u1edbi v\u00f4 [&hellip;]<\/p>\n","protected":false},"featured_media":0,"comment_status":"open","ping_status":"closed","template":"","meta":[],"product_brand":[],"product_cat":[31],"product_tag":[],"class_list":{"0":"post-2520","1":"product","2":"type-product","3":"status-publish","5":"product_cat-du-lich-trong-thanh-pho","7":"first","8":"instock","9":"shipping-taxable","10":"purchasable","11":"product-type-simple"},"_links":{"self":[{"href":"https:\/\/travelwave.id.vn\/index.php?rest_route=\/wp\/v2\/product\/2520","targetHints":{"allow":["GET"]}}],"collection":[{"href":"https:\/\/travelwave.id.vn\/index.php?rest_route=\/wp\/v2\/product"}],"about":[{"href":"https:\/\/travelwave.id.vn\/index.php?rest_route=\/wp\/v2\/types\/product"}],"replies":[{"embeddable":true,"href":"https:\/\/travelwave.id.vn\/index.php?rest_route=%2Fwp%2Fv2%2Fcomments&post=2520"}],"version-history":[{"count":0,"href":"https:\/\/travelwave.id.vn\/index.php?rest_route=\/wp\/v2\/product\/2520\/revisions"}],"wp:attachment":[{"href":"https:\/\/travelwave.id.vn\/index.php?rest_route=%2Fwp%2Fv2%2Fmedia&parent=2520"}],"wp:term":[{"taxonomy":"product_brand","embeddable":true,"href":"https:\/\/travelwave.id.vn\/index.php?rest_route=%2Fwp%2Fv2%2Fproduct_brand&post=2520"},{"taxonomy":"product_cat","embeddable":true,"href":"https:\/\/travelwave.id.vn\/index.php?rest_route=%2Fwp%2Fv2%2Fproduct_cat&post=2520"},{"taxonomy":"product_tag","embeddable":true,"href":"https:\/\/travelwave.id.vn\/index.php?rest_route=%2Fwp%2Fv2%2Fproduct_tag&post=2520"}],"curies":[{"name":"wp","href":"https:\/\/api.w.org\/{rel}","templated":true}]}}