{"id":2519,"date":"2026-04-16T15:50:48","date_gmt":"2026-04-16T15:50:48","guid":{"rendered":"https:\/\/travelwave.id.vn\/?post_type=product&#038;p=2519"},"modified":"2026-04-17T06:20:05","modified_gmt":"2026-04-17T06:20:05","slug":"tour-singapore-garden-by-the-bay-botanic-garden-city-tour","status":"publish","type":"product","link":"https:\/\/travelwave.id.vn\/?product=tour-singapore-garden-by-the-bay-botanic-garden-city-tour","title":{"rendered":"Tour Singapore: Garden By The Bay \u2013 Botanic Garden \u2013 City Tour"},"content":{"rendered":"<ul>\n<li data-section-id=\"1h32khy\" data-start=\"205\" data-end=\"345\"><strong data-start=\"207\" data-end=\"240\">Singapore \u2013 qu\u1ed1c \u0111\u1ea3o hi\u1ec7n \u0111\u1ea1i<\/strong>: Kh\u00e1m ph\u00e1 <span class=\"hover:entity-accent entity-underline inline cursor-pointer align-baseline\"><span class=\"whitespace-normal\">Singapore<\/span><\/span> v\u1edbi m\u00f4i tr\u01b0\u1eddng xanh \u2013 s\u1ea1ch \u2013 \u0111\u1eb9p v\u00e0 n\u1ec1n v\u0103n h\u00f3a \u0111a d\u1ea1ng.<\/li>\n<li data-section-id=\"suwtlw\" data-start=\"347\" data-end=\"504\"><strong data-start=\"349\" data-end=\"371\">Gardens by the Bay<\/strong>: Tham quan <span class=\"hover:entity-accent entity-underline inline cursor-pointer align-baseline\"><span class=\"whitespace-normal\">Gardens by the Bay<\/span><\/span> \u2013 khu v\u01b0\u1eddn sinh th\u00e1i n\u1ed5i ti\u1ebfng v\u1edbi c\u00e1c \u201csi\u00eau c\u00e2y\u201d kh\u1ed5ng l\u1ed3 v\u00e0 nh\u00e0 k\u00ednh Flower Dome.<\/li>\n<li data-section-id=\"gbfiri\" data-start=\"506\" data-end=\"640\"><strong data-start=\"508\" data-end=\"526\">Botanic Garden<\/strong>: D\u1ea1o b\u01b0\u1edbc t\u1ea1i <span class=\"hover:entity-accent entity-underline inline cursor-pointer align-baseline\"><span class=\"whitespace-normal\">Singapore Botanic Gardens<\/span><\/span> \u2013 di s\u1ea3n UNESCO v\u1edbi kh\u00f4ng gian xanh m\u00e1t v\u00e0 v\u01b0\u1eddn lan qu\u1ed1c gia.<\/li>\n<li data-section-id=\"vaclrh\" data-start=\"642\" data-end=\"808\"><strong data-start=\"644\" data-end=\"667\">City tour Singapore<\/strong>: Check-in <span class=\"hover:entity-accent entity-underline inline cursor-pointer align-baseline\"><span class=\"whitespace-normal\">Merlion Park<\/span><\/span> \u2013 bi\u1ec3u t\u01b0\u1ee3ng S\u01b0 t\u1eed bi\u1ec3n, tham quan khu <span class=\"hover:entity-accent entity-underline inline cursor-pointer align-baseline\"><span class=\"whitespace-normal\">Chinatown Singapore<\/span><\/span> v\u00e0 khu Ti\u1ec3u \u1ea4n.<\/li>\n<li data-section-id=\"1wcfa6z\" data-start=\"810\" data-end=\"933\"><strong data-start=\"812\" data-end=\"833\">Mua s\u1eafm &amp; \u1ea9m th\u1ef1c<\/strong>: T\u1ef1 do mua s\u1eafm t\u1ea1i Orchard Road v\u00e0 th\u01b0\u1edfng th\u1ee9c c\u00e1c m\u00f3n \u0103n \u0111\u1eb7c tr\u01b0ng nh\u01b0 cua s\u1ed1t \u1edbt, c\u01a1m g\u00e0 H\u1ea3i Nam.<\/li>\n<\/ul>\n","protected":false},"excerpt":{"rendered":"<p>Singapore \u2013 qu\u1ed1c \u0111\u1ea3o hi\u1ec7n \u0111\u1ea1i: Kh\u00e1m ph\u00e1 Singapore v\u1edbi m\u00f4i tr\u01b0\u1eddng xanh \u2013 s\u1ea1ch \u2013 \u0111\u1eb9p v\u00e0 n\u1ec1n v\u0103n h\u00f3a \u0111a d\u1ea1ng. Gardens by the Bay: Tham quan Gardens by the Bay \u2013 khu v\u01b0\u1eddn sinh th\u00e1i n\u1ed5i ti\u1ebfng v\u1edbi c\u00e1c \u201csi\u00eau c\u00e2y\u201d kh\u1ed5ng l\u1ed3 v\u00e0 nh\u00e0 k\u00ednh Flower Dome. Botanic Garden: D\u1ea1o b\u01b0\u1edbc [&hellip;]<\/p>\n","protected":false},"featured_media":0,"comment_status":"open","ping_status":"closed","template":"","meta":[],"product_brand":[],"product_cat":[46],"product_tag":[29],"class_list":{"0":"post-2519","1":"product","2":"type-product","3":"status-publish","5":"product_cat-du-lich-chau-a","6":"product_tag-du-lich-tour-tiet-kiem","8":"first","9":"instock","10":"sale","11":"shipping-taxable","12":"purchasable","13":"product-type-simple"},"_links":{"self":[{"href":"https:\/\/travelwave.id.vn\/index.php?rest_route=\/wp\/v2\/product\/2519","targetHints":{"allow":["GET"]}}],"collection":[{"href":"https:\/\/travelwave.id.vn\/index.php?rest_route=\/wp\/v2\/product"}],"about":[{"href":"https:\/\/travelwave.id.vn\/index.php?rest_route=\/wp\/v2\/types\/product"}],"replies":[{"embeddable":true,"href":"https:\/\/travelwave.id.vn\/index.php?rest_route=%2Fwp%2Fv2%2Fcomments&post=2519"}],"version-history":[{"count":0,"href":"https:\/\/travelwave.id.vn\/index.php?rest_route=\/wp\/v2\/product\/2519\/revisions"}],"wp:attachment":[{"href":"https:\/\/travelwave.id.vn\/index.php?rest_route=%2Fwp%2Fv2%2Fmedia&parent=2519"}],"wp:term":[{"taxonomy":"product_brand","embeddable":true,"href":"https:\/\/travelwave.id.vn\/index.php?rest_route=%2Fwp%2Fv2%2Fproduct_brand&post=2519"},{"taxonomy":"product_cat","embeddable":true,"href":"https:\/\/travelwave.id.vn\/index.php?rest_route=%2Fwp%2Fv2%2Fproduct_cat&post=2519"},{"taxonomy":"product_tag","embeddable":true,"href":"https:\/\/travelwave.id.vn\/index.php?rest_route=%2Fwp%2Fv2%2Fproduct_tag&post=2519"}],"curies":[{"name":"wp","href":"https:\/\/api.w.org\/{rel}","templated":true}]}}