{"id":2518,"date":"2026-04-16T15:48:12","date_gmt":"2026-04-16T15:48:12","guid":{"rendered":"https:\/\/travelwave.id.vn\/?post_type=product&#038;p=2518"},"modified":"2026-04-17T09:00:36","modified_gmt":"2026-04-17T09:00:36","slug":"tour-vinh-ha-long-bang-du-thuyen-hercules-premium-day","status":"publish","type":"product","link":"https:\/\/travelwave.id.vn\/?product=tour-vinh-ha-long-bang-du-thuyen-hercules-premium-day","title":{"rendered":"Tour V\u1ecbnh H\u1ea1 Long b\u1eb1ng Du thuy\u1ec1n Hercules Premium Day"},"content":{"rendered":"<h2 class=\"css-901oao r-15tef7g r-1w9mtv9 r-1kfrs79 r-rjixqe r-fdjqy7\" dir=\"auto\" aria-level=\"2\" data-testid=\"experienceContentTitle\">B\u1ea1n s\u1ebd tr\u1ea3i nghi\u1ec7m<\/h2>\n<div class=\"css-1dbjc4n r-1ifxtd0\" data-testid=\"ctr_highlightsContent\">\n<div class=\"css-1dbjc4n r-1udh08x\">\n<div class=\"css-1dbjc4n r-1ifxtd0 r-11wrixw r-88pszg r-1wzrnnt\">\n<div class=\"css-1dbjc4n r-1habvwh r-18u37iz r-1w6e6rj\">\n<div class=\"css-1dbjc4n r-obd0qt r-z80fyv r-1777fci r-1kb76zh\">\n<div class=\"css-1dbjc4n r-1jkafct\"><\/div>\n<\/div>\n<div class=\"css-1dbjc4n r-13awgt0\">\n<ul>\n<li class=\"css-901oao r-uh8wd5 r-majxgm r-fdjqy7\" dir=\"auto\">T\u1eadn h\u01b0\u1edfng chuy\u1ebfn tham quan V\u1ecbnh H\u1ea1 Long 1 ng\u00e0y v\u1edbi du thuy\u1ec1n Hercules Premium!<\/li>\n<\/ul>\n<\/div>\n<\/div>\n<div class=\"css-1dbjc4n r-1habvwh r-18u37iz r-1w6e6rj\">\n<div class=\"css-1dbjc4n r-obd0qt r-z80fyv r-1777fci r-1kb76zh\">\n<div class=\"css-1dbjc4n r-1jkafct\"><\/div>\n<\/div>\n<div class=\"css-1dbjc4n r-13awgt0\">\n<ul>\n<li class=\"css-901oao r-uh8wd5 r-majxgm r-fdjqy7\" dir=\"auto\">Ch\u1ecdn kh\u1edfi h\u00e0nh linh ho\u1ea1t, t\u1eeb khu v\u1ef1c H\u00e0 N\u1ed9i ho\u1eb7c H\u1ea1 Long<\/li>\n<\/ul>\n<\/div>\n<\/div>\n<div class=\"css-1dbjc4n r-1habvwh r-18u37iz r-1w6e6rj\">\n<div class=\"css-1dbjc4n r-obd0qt r-z80fyv r-1777fci r-1kb76zh\">\n<div class=\"css-1dbjc4n r-1jkafct\"><\/div>\n<\/div>\n<div class=\"css-1dbjc4n r-13awgt0\">\n<ul>\n<li class=\"css-901oao r-uh8wd5 r-majxgm r-fdjqy7\" dir=\"auto\">Kh\u00e1m ph\u00e1 v\u1ebb \u0111\u1eb9p c\u1ee7a hang S\u1eedng S\u1ed1t v\u00e0 \u0111\u1ea3o Titop<\/li>\n<\/ul>\n<\/div>\n<\/div>\n<div class=\"css-1dbjc4n r-1habvwh r-18u37iz r-1w6e6rj\">\n<div class=\"css-1dbjc4n r-obd0qt r-z80fyv r-1777fci r-1kb76zh\">\n<div class=\"css-1dbjc4n r-1jkafct\"><\/div>\n<\/div>\n<div class=\"css-1dbjc4n r-13awgt0\">\n<ul>\n<li class=\"css-901oao r-uh8wd5 r-majxgm r-fdjqy7\" dir=\"auto\">Ng\u1eafm ho\u00e0ng h\u00f4n tr\u00ean V\u1ecbnh H\u1ea1 Long v\u1edbi tr\u00e0 Vi\u1ec7t mi\u1ec5n ph\u00ed<\/li>\n<\/ul>\n<\/div>\n<\/div>\n<\/div>\n<\/div>\n<\/div>\n","protected":false},"excerpt":{"rendered":"<p>B\u1ea1n s\u1ebd tr\u1ea3i nghi\u1ec7m T\u1eadn h\u01b0\u1edfng chuy\u1ebfn tham quan V\u1ecbnh H\u1ea1 Long 1 ng\u00e0y v\u1edbi du thuy\u1ec1n Hercules Premium! Ch\u1ecdn kh\u1edfi h\u00e0nh linh ho\u1ea1t, t\u1eeb khu v\u1ef1c H\u00e0 N\u1ed9i ho\u1eb7c H\u1ea1 Long Kh\u00e1m ph\u00e1 v\u1ebb \u0111\u1eb9p c\u1ee7a hang S\u1eedng S\u1ed1t v\u00e0 \u0111\u1ea3o Titop Ng\u1eafm ho\u00e0ng h\u00f4n tr\u00ean V\u1ecbnh H\u1ea1 Long v\u1edbi tr\u00e0 Vi\u1ec7t mi\u1ec5n ph\u00ed<\/p>\n","protected":false},"featured_media":2650,"comment_status":"open","ping_status":"closed","template":"","meta":[],"product_brand":[],"product_cat":[31],"product_tag":[],"class_list":{"0":"post-2518","1":"product","2":"type-product","3":"status-publish","4":"has-post-thumbnail","6":"product_cat-du-lich-trong-thanh-pho","8":"first","9":"instock","10":"sale","11":"shipping-taxable","12":"purchasable","13":"product-type-simple"},"_links":{"self":[{"href":"https:\/\/travelwave.id.vn\/index.php?rest_route=\/wp\/v2\/product\/2518","targetHints":{"allow":["GET"]}}],"collection":[{"href":"https:\/\/travelwave.id.vn\/index.php?rest_route=\/wp\/v2\/product"}],"about":[{"href":"https:\/\/travelwave.id.vn\/index.php?rest_route=\/wp\/v2\/types\/product"}],"replies":[{"embeddable":true,"href":"https:\/\/travelwave.id.vn\/index.php?rest_route=%2Fwp%2Fv2%2Fcomments&post=2518"}],"version-history":[{"count":0,"href":"https:\/\/travelwave.id.vn\/index.php?rest_route=\/wp\/v2\/product\/2518\/revisions"}],"wp:featuredmedia":[{"embeddable":true,"href":"https:\/\/travelwave.id.vn\/index.php?rest_route=\/wp\/v2\/media\/2650"}],"wp:attachment":[{"href":"https:\/\/travelwave.id.vn\/index.php?rest_route=%2Fwp%2Fv2%2Fmedia&parent=2518"}],"wp:term":[{"taxonomy":"product_brand","embeddable":true,"href":"https:\/\/travelwave.id.vn\/index.php?rest_route=%2Fwp%2Fv2%2Fproduct_brand&post=2518"},{"taxonomy":"product_cat","embeddable":true,"href":"https:\/\/travelwave.id.vn\/index.php?rest_route=%2Fwp%2Fv2%2Fproduct_cat&post=2518"},{"taxonomy":"product_tag","embeddable":true,"href":"https:\/\/travelwave.id.vn\/index.php?rest_route=%2Fwp%2Fv2%2Fproduct_tag&post=2518"}],"curies":[{"name":"wp","href":"https:\/\/api.w.org\/{rel}","templated":true}]}}