{"id":2517,"date":"2026-04-16T15:45:19","date_gmt":"2026-04-16T15:45:19","guid":{"rendered":"https:\/\/travelwave.id.vn\/?post_type=product&#038;p=2517"},"modified":"2026-04-17T09:06:44","modified_gmt":"2026-04-17T09:06:44","slug":"tour-trong-ngay-kham-pha-sun-world-ba-na-hills-va-cau-vang-tu-da-nang","status":"publish","type":"product","link":"https:\/\/travelwave.id.vn\/?product=tour-trong-ngay-kham-pha-sun-world-ba-na-hills-va-cau-vang-tu-da-nang","title":{"rendered":"Tour trong ng\u00e0y kh\u00e1m ph\u00e1 Sun World B\u00e0 N\u00e0 Hills v\u00e0 C\u1ea7u V\u00e0ng t\u1eeb \u0110\u00e0 N\u1eb5ng"},"content":{"rendered":"<div class=\"css-1dbjc4n r-6koalj r-1euycsn r-1wtj0ep r-iphfwy r-ymttw5 r-ttdzmv\">\n<div class=\"css-1dbjc4n r-s1qlax r-ttdzmv\">\n<h2 class=\"css-4rbku5 css-901oao r-uh8wd5 r-b88u0q r-vrz42v r-fdjqy7\" dir=\"auto\" role=\"heading\" aria-level=\"2\">B\u1ea1n s\u1ebd tr\u1ea3i nghi\u1ec7m<\/h2>\n<\/div>\n<\/div>\n<div class=\"css-1dbjc4n r-150rngu r-eqz5dr r-16y2uox r-1wbh5a2 r-11yh6sk r-1rnoaur r-1sncvnh\">\n<div class=\"css-1dbjc4n r-d9fdf6\">\n<div class=\"css-1dbjc4n r-1ifxtd0 r-11wrixw r-88pszg r-1wzrnnt\">\n<div class=\"css-1dbjc4n r-1habvwh r-18u37iz r-1w6e6rj\">\n<div class=\"css-1dbjc4n r-obd0qt r-z80fyv r-1777fci r-1kb76zh\">\n<div class=\"css-1dbjc4n r-1jkafct\"><\/div>\n<\/div>\n<div class=\"css-1dbjc4n r-13awgt0\">\n<ul>\n<li class=\"css-901oao r-uh8wd5 r-majxgm r-fdjqy7\" dir=\"auto\">\u0110i b\u1ed9 qua C\u1ea7u V\u00e0ng mang t\u00ednh bi\u1ec3u t\u01b0\u1ee3ng, l\u01a1 l\u1eedng tr\u00ean m\u00e2y<\/li>\n<\/ul>\n<\/div>\n<\/div>\n<div class=\"css-1dbjc4n r-1habvwh r-18u37iz r-1w6e6rj\">\n<div class=\"css-1dbjc4n r-obd0qt r-z80fyv r-1777fci r-1kb76zh\">\n<div class=\"css-1dbjc4n r-1jkafct\"><\/div>\n<\/div>\n<div class=\"css-1dbjc4n r-13awgt0\">\n<ul>\n<li class=\"css-901oao r-uh8wd5 r-majxgm r-fdjqy7\" dir=\"auto\">Bay l\u00ean m\u1ed9t t\u1ea7m cao m\u1edbi v\u1edbi chuy\u1ebfn \u0111i c\u00e1p treo ng\u1eafm c\u1ea3nh v\u00e0 c\u00e1c \u0111i\u1ec3m tham quan ly k\u1ef3<\/li>\n<\/ul>\n<\/div>\n<\/div>\n<div class=\"css-1dbjc4n r-1habvwh r-18u37iz r-1w6e6rj\">\n<div class=\"css-1dbjc4n r-obd0qt r-z80fyv r-1777fci r-1kb76zh\">\n<div class=\"css-1dbjc4n r-1jkafct\"><\/div>\n<\/div>\n<div class=\"css-1dbjc4n r-13awgt0\">\n<ul>\n<li class=\"css-901oao r-uh8wd5 r-majxgm r-fdjqy7\" dir=\"auto\">Chi\u00eam ng\u01b0\u1ee1ng ki\u1ebfn tr\u00fac Ph\u00e1p c\u1ed5 \u0111i\u1ec3n tuy\u1ec7t \u0111\u1eb9p t\u1ea1i L\u00e0ng Ph\u00e1p<\/li>\n<\/ul>\n<\/div>\n<\/div>\n<div class=\"css-1dbjc4n r-1habvwh r-18u37iz r-1w6e6rj\">\n<div class=\"css-1dbjc4n r-obd0qt r-z80fyv r-1777fci r-1kb76zh\">\n<div class=\"css-1dbjc4n r-1jkafct\"><\/div>\n<\/div>\n<div class=\"css-1dbjc4n r-13awgt0\">\n<ul>\n<li class=\"css-901oao r-uh8wd5 r-majxgm r-fdjqy7\" dir=\"auto\">Th\u01b0\u1edfng th\u1ee9c \u1ea9m th\u1ef1c ngon mi\u1ec7ng v\u00e0 th\u01b0\u1edfng th\u1ee9c c\u00e1c bu\u1ed5i bi\u1ec3u di\u1ec5n v\u0103n h\u00f3a c\u1ea3 ng\u00e0y<\/li>\n<\/ul>\n<\/div>\n<\/div>\n<\/div>\n<\/div>\n<\/div>\n","protected":false},"excerpt":{"rendered":"<p>B\u1ea1n s\u1ebd tr\u1ea3i nghi\u1ec7m \u0110i b\u1ed9 qua C\u1ea7u V\u00e0ng mang t\u00ednh bi\u1ec3u t\u01b0\u1ee3ng, l\u01a1 l\u1eedng tr\u00ean m\u00e2y Bay l\u00ean m\u1ed9t t\u1ea7m cao m\u1edbi v\u1edbi chuy\u1ebfn \u0111i c\u00e1p treo ng\u1eafm c\u1ea3nh v\u00e0 c\u00e1c \u0111i\u1ec3m tham quan ly k\u1ef3 Chi\u00eam ng\u01b0\u1ee1ng ki\u1ebfn tr\u00fac Ph\u00e1p c\u1ed5 \u0111i\u1ec3n tuy\u1ec7t \u0111\u1eb9p t\u1ea1i L\u00e0ng Ph\u00e1p Th\u01b0\u1edfng th\u1ee9c \u1ea9m th\u1ef1c ngon mi\u1ec7ng [&hellip;]<\/p>\n","protected":false},"featured_media":2659,"comment_status":"open","ping_status":"closed","template":"","meta":[],"product_brand":[],"product_cat":[31],"product_tag":[],"class_list":{"0":"post-2517","1":"product","2":"type-product","3":"status-publish","4":"has-post-thumbnail","6":"product_cat-du-lich-trong-thanh-pho","8":"first","9":"instock","10":"shipping-taxable","11":"purchasable","12":"product-type-simple"},"_links":{"self":[{"href":"https:\/\/travelwave.id.vn\/index.php?rest_route=\/wp\/v2\/product\/2517","targetHints":{"allow":["GET"]}}],"collection":[{"href":"https:\/\/travelwave.id.vn\/index.php?rest_route=\/wp\/v2\/product"}],"about":[{"href":"https:\/\/travelwave.id.vn\/index.php?rest_route=\/wp\/v2\/types\/product"}],"replies":[{"embeddable":true,"href":"https:\/\/travelwave.id.vn\/index.php?rest_route=%2Fwp%2Fv2%2Fcomments&post=2517"}],"version-history":[{"count":0,"href":"https:\/\/travelwave.id.vn\/index.php?rest_route=\/wp\/v2\/product\/2517\/revisions"}],"wp:featuredmedia":[{"embeddable":true,"href":"https:\/\/travelwave.id.vn\/index.php?rest_route=\/wp\/v2\/media\/2659"}],"wp:attachment":[{"href":"https:\/\/travelwave.id.vn\/index.php?rest_route=%2Fwp%2Fv2%2Fmedia&parent=2517"}],"wp:term":[{"taxonomy":"product_brand","embeddable":true,"href":"https:\/\/travelwave.id.vn\/index.php?rest_route=%2Fwp%2Fv2%2Fproduct_brand&post=2517"},{"taxonomy":"product_cat","embeddable":true,"href":"https:\/\/travelwave.id.vn\/index.php?rest_route=%2Fwp%2Fv2%2Fproduct_cat&post=2517"},{"taxonomy":"product_tag","embeddable":true,"href":"https:\/\/travelwave.id.vn\/index.php?rest_route=%2Fwp%2Fv2%2Fproduct_tag&post=2517"}],"curies":[{"name":"wp","href":"https:\/\/api.w.org\/{rel}","templated":true}]}}