{"id":2505,"date":"2026-04-16T15:28:51","date_gmt":"2026-04-16T15:28:51","guid":{"rendered":"https:\/\/travelwave.id.vn\/?post_type=product&#038;p=2505"},"modified":"2026-04-17T08:57:46","modified_gmt":"2026-04-17T08:57:46","slug":"tour-nua-ngay-lang-to-lua-van-phuc-tu-ha-noi-viet-nam","status":"publish","type":"product","link":"https:\/\/travelwave.id.vn\/?product=tour-nua-ngay-lang-to-lua-van-phuc-tu-ha-noi-viet-nam","title":{"rendered":"Tour N\u1eeda Ng\u00e0y L\u00e0ng T\u01a1 L\u1ee5a V\u1ea1n Ph\u00fac T\u1eeb H\u00e0 N\u1ed9i | Vi\u1ec7t Nam"},"content":{"rendered":"<h2 class=\"css-901oao r-15tef7g r-1w9mtv9 r-1kfrs79 r-rjixqe r-fdjqy7\" dir=\"auto\" aria-level=\"2\" data-testid=\"experienceContentTitle\">B\u1ea1n s\u1ebd tr\u1ea3i nghi\u1ec7m<\/h2>\n<div class=\"css-1dbjc4n r-1ifxtd0\" data-testid=\"ctr_highlightsContent\">\n<div class=\"css-1dbjc4n r-1udh08x\">\n<div class=\"css-1dbjc4n r-1ifxtd0 r-11wrixw r-88pszg r-1wzrnnt\">\n<div class=\"css-1dbjc4n r-1habvwh r-18u37iz r-1w6e6rj\">\n<div class=\"css-1dbjc4n r-obd0qt r-z80fyv r-1777fci r-1kb76zh\">\n<div class=\"css-1dbjc4n r-1jkafct\"><\/div>\n<\/div>\n<div class=\"css-1dbjc4n r-13awgt0\">\n<ul>\n<li>H\u00e3y tham gia h\u00e0nh tr\u00ecnh \u0111\u1ea7y m\u00ea ho\u1eb7c \u0111\u1ec3 kh\u00e1m ph\u00e1 v\u1ebb \u0111\u1eb9p v\u01b0\u1ee3t th\u1eddi gian c\u1ee7a ng\u00e0nh d\u1ec7t l\u1ee5a truy\u1ec1n th\u1ed1ng c\u1ee7a Vi\u1ec7t Nam t\u1ea1i m\u1ed9t ng\u00f4i l\u00e0ng duy\u00ean d\u00e1ng ch\u1ec9 c\u00e1ch H\u00e0 N\u1ed9i 45 ph\u00fat.<\/li>\n<\/ul>\n<p>&nbsp;<\/p>\n<ul>\n<li>Tho\u00e1t kh\u1ecfi th\u00e0nh ph\u1ed1 l\u1edbn \u0111\u1ec3 tr\u1ea3i nghi\u1ec7m V\u1ea1n Ph\u00fac, m\u1ed9t ng\u00f4i l\u00e0ng Vi\u1ec7t y\u00ean b\u00ecnh v\u1edbi nh\u1eefng ng\u00f4i \u0111\u00ecnh, ao c\u00e1 v\u00e0 c\u00e2y \u0111a c\u1ed5 th\u1ee5<\/li>\n<\/ul>\n<\/div>\n<\/div>\n<div class=\"css-1dbjc4n r-1habvwh r-18u37iz r-1w6e6rj\">\n<div class=\"css-1dbjc4n r-obd0qt r-z80fyv r-1777fci r-1kb76zh\">\n<div class=\"css-1dbjc4n r-1jkafct\"><\/div>\n<\/div>\n<div class=\"css-1dbjc4n r-13awgt0\">\n<ul>\n<li class=\"css-901oao r-uh8wd5 r-majxgm r-fdjqy7\" dir=\"auto\">Gh\u00e9 th\u0103m m\u1ed9t s\u1ed1 gia \u0111\u00ecnh \u0111\u1ecba ph\u01b0\u01a1ng \u0111ang g\u00ecn gi\u1eef truy\u1ec1n th\u1ed1ng d\u1ec7t l\u1ee5a 1000 n\u0103m tu\u1ed5i<\/li>\n<\/ul>\n<\/div>\n<\/div>\n<div class=\"css-1dbjc4n r-1habvwh r-18u37iz r-1w6e6rj\">\n<div class=\"css-1dbjc4n r-obd0qt r-z80fyv r-1777fci r-1kb76zh\">\n<div class=\"css-1dbjc4n r-1jkafct\"><\/div>\n<\/div>\n<div class=\"css-1dbjc4n r-13awgt0\">\n<ul>\n<li class=\"css-901oao r-uh8wd5 r-majxgm r-fdjqy7\" dir=\"auto\">Xem v\u00e0 t\u00ecm hi\u1ec3u t\u1eebng b\u01b0\u1edbc c\u1ee7a quy tr\u00ecnh d\u1ec7t l\u1ee5a ph\u1ee9c t\u1ea1p<\/li>\n<\/ul>\n<\/div>\n<\/div>\n<div class=\"css-1dbjc4n r-1habvwh r-18u37iz r-1w6e6rj\">\n<div class=\"css-1dbjc4n r-obd0qt r-z80fyv r-1777fci r-1kb76zh\">\n<div class=\"css-1dbjc4n r-1jkafct\"><\/div>\n<\/div>\n<div class=\"css-1dbjc4n r-13awgt0\">\n<ul>\n<li class=\"css-901oao r-uh8wd5 r-majxgm r-fdjqy7\" dir=\"auto\">C\u00f3 c\u01a1 h\u1ed9i mua c\u00e1c s\u1ea3n ph\u1ea9m l\u1ee5a \u0111\u1eb9p v\u1edbi gi\u00e1 ch\u1ec9 b\u1eb1ng m\u1ed9t ph\u1ea7n nh\u1ecf so v\u1edbi gi\u00e1 b\u00e1n l\u1ebb<\/li>\n<\/ul>\n<\/div>\n<\/div>\n<\/div>\n<\/div>\n<\/div>\n","protected":false},"excerpt":{"rendered":"<p>B\u1ea1n s\u1ebd tr\u1ea3i nghi\u1ec7m H\u00e3y tham gia h\u00e0nh tr\u00ecnh \u0111\u1ea7y m\u00ea ho\u1eb7c \u0111\u1ec3 kh\u00e1m ph\u00e1 v\u1ebb \u0111\u1eb9p v\u01b0\u1ee3t th\u1eddi gian c\u1ee7a ng\u00e0nh d\u1ec7t l\u1ee5a truy\u1ec1n th\u1ed1ng c\u1ee7a Vi\u1ec7t Nam t\u1ea1i m\u1ed9t ng\u00f4i l\u00e0ng duy\u00ean d\u00e1ng ch\u1ec9 c\u00e1ch H\u00e0 N\u1ed9i 45 ph\u00fat. &nbsp; Tho\u00e1t kh\u1ecfi th\u00e0nh ph\u1ed1 l\u1edbn \u0111\u1ec3 tr\u1ea3i nghi\u1ec7m V\u1ea1n Ph\u00fac, m\u1ed9t ng\u00f4i l\u00e0ng [&hellip;]<\/p>\n","protected":false},"featured_media":2646,"comment_status":"open","ping_status":"closed","template":"","meta":[],"product_brand":[],"product_cat":[31],"product_tag":[],"class_list":{"0":"post-2505","1":"product","2":"type-product","3":"status-publish","4":"has-post-thumbnail","6":"product_cat-du-lich-trong-thanh-pho","8":"first","9":"instock","10":"sale","11":"shipping-taxable","12":"purchasable","13":"product-type-simple"},"_links":{"self":[{"href":"https:\/\/travelwave.id.vn\/index.php?rest_route=\/wp\/v2\/product\/2505","targetHints":{"allow":["GET"]}}],"collection":[{"href":"https:\/\/travelwave.id.vn\/index.php?rest_route=\/wp\/v2\/product"}],"about":[{"href":"https:\/\/travelwave.id.vn\/index.php?rest_route=\/wp\/v2\/types\/product"}],"replies":[{"embeddable":true,"href":"https:\/\/travelwave.id.vn\/index.php?rest_route=%2Fwp%2Fv2%2Fcomments&post=2505"}],"version-history":[{"count":0,"href":"https:\/\/travelwave.id.vn\/index.php?rest_route=\/wp\/v2\/product\/2505\/revisions"}],"wp:featuredmedia":[{"embeddable":true,"href":"https:\/\/travelwave.id.vn\/index.php?rest_route=\/wp\/v2\/media\/2646"}],"wp:attachment":[{"href":"https:\/\/travelwave.id.vn\/index.php?rest_route=%2Fwp%2Fv2%2Fmedia&parent=2505"}],"wp:term":[{"taxonomy":"product_brand","embeddable":true,"href":"https:\/\/travelwave.id.vn\/index.php?rest_route=%2Fwp%2Fv2%2Fproduct_brand&post=2505"},{"taxonomy":"product_cat","embeddable":true,"href":"https:\/\/travelwave.id.vn\/index.php?rest_route=%2Fwp%2Fv2%2Fproduct_cat&post=2505"},{"taxonomy":"product_tag","embeddable":true,"href":"https:\/\/travelwave.id.vn\/index.php?rest_route=%2Fwp%2Fv2%2Fproduct_tag&post=2505"}],"curies":[{"name":"wp","href":"https:\/\/api.w.org\/{rel}","templated":true}]}}