{"id":2504,"date":"2026-04-16T15:25:47","date_gmt":"2026-04-16T15:25:47","guid":{"rendered":"https:\/\/travelwave.id.vn\/?post_type=product&#038;p=2504"},"modified":"2026-04-16T15:25:47","modified_gmt":"2026-04-16T15:25:47","slug":"tour-kham-pha-ha-noi-ve-dem","status":"publish","type":"product","link":"https:\/\/travelwave.id.vn\/?product=tour-kham-pha-ha-noi-ve-dem","title":{"rendered":"Tour Kh\u00e1m Ph\u00e1 H\u00e0 N\u1ed9i V\u1ec1 \u0110\u00eam"},"content":{"rendered":"<h2 class=\"css-901oao r-15tef7g r-1w9mtv9 r-1kfrs79 r-rjixqe r-fdjqy7\" dir=\"auto\" aria-level=\"2\" data-testid=\"experienceContentTitle\">B\u1ea1n s\u1ebd tr\u1ea3i nghi\u1ec7m<\/h2>\n<div class=\"css-1dbjc4n r-1ifxtd0\" data-testid=\"ctr_highlightsContent\">\n<div class=\"css-1dbjc4n r-1udh08x\">\n<div class=\"css-1dbjc4n r-1ifxtd0 r-11wrixw r-88pszg r-1wzrnnt\">\n<div class=\"css-1dbjc4n r-1habvwh r-18u37iz r-1w6e6rj\">\n<div class=\"css-1dbjc4n r-obd0qt r-1777fci r-1kb76zh\">\n<div class=\"css-1dbjc4n r-1jkafct\"><\/div>\n<\/div>\n<div class=\"css-1dbjc4n r-13awgt0\">\n<ul>\n<li class=\"css-901oao r-uh8wd5 r-majxgm r-fdjqy7\" dir=\"auto\">Ng\u1eafm nh\u00ecn quang c\u1ea3nh tuy\u1ec7t v\u1eddi c\u1ee7a Khu Ph\u1ed1 C\u1ed5 H\u00e0 N\u1ed9i tr\u00ean nh\u1eefng chi\u1ebfc xe x\u00edch l\u00f4 \u0111\u1ed9c \u0111\u00e1o<\/li>\n<\/ul>\n<\/div>\n<\/div>\n<div class=\"css-1dbjc4n r-1habvwh r-18u37iz r-1w6e6rj\">\n<div class=\"css-1dbjc4n r-obd0qt r-1777fci r-1kb76zh\">\n<div class=\"css-1dbjc4n r-1jkafct\"><\/div>\n<\/div>\n<div class=\"css-1dbjc4n r-13awgt0\">\n<ul>\n<li class=\"css-901oao r-uh8wd5 r-majxgm r-fdjqy7\" dir=\"auto\">C\u00e1c ho\u1ea1t \u0111\u1ed9ng \u0111\u1ed9c \u0111\u00e1o ch\u1ec9 di\u1ec5n ra v\u00e0o ban \u0111\u00eam: xem m\u00faa r\u1ed1i n\u01b0\u1edbc truy\u1ec1n th\u1ed1ng, \u0111i xe x\u00edch l\u00f4 quanh Ph\u1ed1 C\u1ed5 \u0111\u1ec3 ch\u1ee5p nh\u1eefng b\u1ee9c \u1ea3nh \u0111\u1eb9p nh\u1ea5t t\u1ea1i c\u00e1c \u0111\u1ecba \u0111i\u1ec3m tham quan v\u1ec1 \u0111\u00eam v\u00e0 th\u01b0\u1edfng th\u1ee9c 3-5 m\u00f3n \u0103n \u0111\u1eb7c tr\u01b0ng c\u1ee7a H\u00e0 N\u1ed9i<\/li>\n<\/ul>\n<\/div>\n<\/div>\n<div class=\"css-1dbjc4n r-1habvwh r-18u37iz r-1w6e6rj\">\n<div class=\"css-1dbjc4n r-obd0qt r-1777fci r-1kb76zh\">\n<div class=\"css-1dbjc4n r-1jkafct\"><\/div>\n<\/div>\n<div class=\"css-1dbjc4n r-13awgt0\">\n<ul>\n<li class=\"css-901oao r-uh8wd5 r-majxgm r-fdjqy7\" dir=\"auto\">Linh ho\u1ea1t t\u00f9y ch\u1ec9nh h\u00e0nh tr\u00ecnh theo s\u1edf th\u00edch c\u1ee7a b\u1ea1n<\/li>\n<\/ul>\n<\/div>\n<\/div>\n<\/div>\n<\/div>\n<\/div>\n","protected":false},"excerpt":{"rendered":"<p>B\u1ea1n s\u1ebd tr\u1ea3i nghi\u1ec7m Ng\u1eafm nh\u00ecn quang c\u1ea3nh tuy\u1ec7t v\u1eddi c\u1ee7a Khu Ph\u1ed1 C\u1ed5 H\u00e0 N\u1ed9i tr\u00ean nh\u1eefng chi\u1ebfc xe x\u00edch l\u00f4 \u0111\u1ed9c \u0111\u00e1o C\u00e1c ho\u1ea1t \u0111\u1ed9ng \u0111\u1ed9c \u0111\u00e1o ch\u1ec9 di\u1ec5n ra v\u00e0o ban \u0111\u00eam: xem m\u00faa r\u1ed1i n\u01b0\u1edbc truy\u1ec1n th\u1ed1ng, \u0111i xe x\u00edch l\u00f4 quanh Ph\u1ed1 C\u1ed5 \u0111\u1ec3 ch\u1ee5p nh\u1eefng b\u1ee9c \u1ea3nh \u0111\u1eb9p nh\u1ea5t [&hellip;]<\/p>\n","protected":false},"featured_media":0,"comment_status":"open","ping_status":"closed","template":"","meta":[],"product_brand":[],"product_cat":[31],"product_tag":[],"class_list":{"0":"post-2504","1":"product","2":"type-product","3":"status-publish","5":"product_cat-du-lich-trong-thanh-pho","7":"first","8":"instock","9":"sale","10":"shipping-taxable","11":"purchasable","12":"product-type-simple"},"_links":{"self":[{"href":"https:\/\/travelwave.id.vn\/index.php?rest_route=\/wp\/v2\/product\/2504","targetHints":{"allow":["GET"]}}],"collection":[{"href":"https:\/\/travelwave.id.vn\/index.php?rest_route=\/wp\/v2\/product"}],"about":[{"href":"https:\/\/travelwave.id.vn\/index.php?rest_route=\/wp\/v2\/types\/product"}],"replies":[{"embeddable":true,"href":"https:\/\/travelwave.id.vn\/index.php?rest_route=%2Fwp%2Fv2%2Fcomments&post=2504"}],"version-history":[{"count":0,"href":"https:\/\/travelwave.id.vn\/index.php?rest_route=\/wp\/v2\/product\/2504\/revisions"}],"wp:attachment":[{"href":"https:\/\/travelwave.id.vn\/index.php?rest_route=%2Fwp%2Fv2%2Fmedia&parent=2504"}],"wp:term":[{"taxonomy":"product_brand","embeddable":true,"href":"https:\/\/travelwave.id.vn\/index.php?rest_route=%2Fwp%2Fv2%2Fproduct_brand&post=2504"},{"taxonomy":"product_cat","embeddable":true,"href":"https:\/\/travelwave.id.vn\/index.php?rest_route=%2Fwp%2Fv2%2Fproduct_cat&post=2504"},{"taxonomy":"product_tag","embeddable":true,"href":"https:\/\/travelwave.id.vn\/index.php?rest_route=%2Fwp%2Fv2%2Fproduct_tag&post=2504"}],"curies":[{"name":"wp","href":"https:\/\/api.w.org\/{rel}","templated":true}]}}