{"id":2501,"date":"2026-04-16T15:23:18","date_gmt":"2026-04-16T15:23:18","guid":{"rendered":"https:\/\/travelwave.id.vn\/?post_type=product&#038;p=2501"},"modified":"2026-04-16T15:23:18","modified_gmt":"2026-04-16T15:23:18","slug":"tour-kham-pha-am-thuc-buoi-toi-tai-ha-noi","status":"publish","type":"product","link":"https:\/\/travelwave.id.vn\/?product=tour-kham-pha-am-thuc-buoi-toi-tai-ha-noi","title":{"rendered":"Tour Kh\u00e1m Ph\u00e1 \u1ea8m Th\u1ef1c Bu\u1ed5i T\u1ed1i T\u1ea1i H\u00e0 N\u1ed9i"},"content":{"rendered":"<h2 class=\"css-901oao r-15tef7g r-1w9mtv9 r-1kfrs79 r-rjixqe r-fdjqy7\" dir=\"auto\" aria-level=\"2\" data-testid=\"experienceContentTitle\">B\u1ea1n s\u1ebd tr\u1ea3i nghi\u1ec7m<\/h2>\n<div class=\"css-1dbjc4n r-1ifxtd0\" data-testid=\"ctr_highlightsContent\">\n<div class=\"css-1dbjc4n r-1udh08x\">\n<div class=\"css-1dbjc4n r-1ifxtd0 r-11wrixw r-88pszg r-1wzrnnt\">\n<div class=\"css-1dbjc4n r-1habvwh r-18u37iz r-1w6e6rj\">\n<div class=\"css-1dbjc4n r-obd0qt r-1777fci r-1kb76zh\">\n<div class=\"css-1dbjc4n r-1jkafct\"><\/div>\n<\/div>\n<div class=\"css-1dbjc4n r-13awgt0\">\n<ul>\n<li class=\"css-901oao r-uh8wd5 r-majxgm r-fdjqy7\" dir=\"auto\">Kh\u00e1m ph\u00e1 n\u00e9t v\u0103n h\u00f3a Vi\u1ec7t Nam qua \u1ea9m th\u1ef1c \u0111\u01b0\u1eddng ph\u1ed1 H\u00e0 N\u1ed9i v\u00e0 h\u01b0\u01a1ng v\u1ecb tinh t\u1ebf c\u1ee7a H\u00e0 N\u1ed9i 1000 n\u0103m v\u0103n hi\u1ebfn<\/li>\n<\/ul>\n<\/div>\n<\/div>\n<div class=\"css-1dbjc4n r-1habvwh r-18u37iz r-1w6e6rj\">\n<div class=\"css-1dbjc4n r-obd0qt r-1777fci r-1kb76zh\">\n<div class=\"css-1dbjc4n r-1jkafct\"><\/div>\n<\/div>\n<div class=\"css-1dbjc4n r-13awgt0\">\n<ul>\n<li class=\"css-901oao r-uh8wd5 r-majxgm r-fdjqy7\" dir=\"auto\">Kh\u00e1m ph\u00e1 quanh khu ph\u1ed1 c\u1ed5 H\u00e0 N\u1ed9i \u0111\u1ec3 ch\u1ee5p nh\u1eefng b\u1ee9c \u1ea3nh \u0111\u1eb9p nh\u1ea5t t\u1ea1i c\u00e1c \u0111\u1ecba \u0111i\u1ec3m tham quan v\u00e0o ban \u0111\u00eam<\/li>\n<\/ul>\n<\/div>\n<\/div>\n<div class=\"css-1dbjc4n r-1habvwh r-18u37iz r-1w6e6rj\">\n<div class=\"css-1dbjc4n r-obd0qt r-1777fci r-1kb76zh\">\n<div class=\"css-1dbjc4n r-1jkafct\"><\/div>\n<\/div>\n<div class=\"css-1dbjc4n r-13awgt0\">\n<ul>\n<li class=\"css-901oao r-uh8wd5 r-majxgm r-fdjqy7\" dir=\"auto\">Th\u01b0\u1edfng th\u1ee9c 3-5 m\u00f3n \u0103n \u0111\u1eb7c s\u1ea3n ch\u00ednh th\u1ed1ng<\/li>\n<\/ul>\n<\/div>\n<\/div>\n<\/div>\n<\/div>\n<\/div>\n","protected":false},"excerpt":{"rendered":"<p>B\u1ea1n s\u1ebd tr\u1ea3i nghi\u1ec7m Kh\u00e1m ph\u00e1 n\u00e9t v\u0103n h\u00f3a Vi\u1ec7t Nam qua \u1ea9m th\u1ef1c \u0111\u01b0\u1eddng ph\u1ed1 H\u00e0 N\u1ed9i v\u00e0 h\u01b0\u01a1ng v\u1ecb tinh t\u1ebf c\u1ee7a H\u00e0 N\u1ed9i 1000 n\u0103m v\u0103n hi\u1ebfn Kh\u00e1m ph\u00e1 quanh khu ph\u1ed1 c\u1ed5 H\u00e0 N\u1ed9i \u0111\u1ec3 ch\u1ee5p nh\u1eefng b\u1ee9c \u1ea3nh \u0111\u1eb9p nh\u1ea5t t\u1ea1i c\u00e1c \u0111\u1ecba \u0111i\u1ec3m tham quan v\u00e0o ban \u0111\u00eam Th\u01b0\u1edfng [&hellip;]<\/p>\n","protected":false},"featured_media":0,"comment_status":"open","ping_status":"closed","template":"","meta":[],"product_brand":[],"product_cat":[31],"product_tag":[],"class_list":{"0":"post-2501","1":"product","2":"type-product","3":"status-publish","5":"product_cat-du-lich-trong-thanh-pho","7":"first","8":"instock","9":"sale","10":"shipping-taxable","11":"purchasable","12":"product-type-simple"},"_links":{"self":[{"href":"https:\/\/travelwave.id.vn\/index.php?rest_route=\/wp\/v2\/product\/2501","targetHints":{"allow":["GET"]}}],"collection":[{"href":"https:\/\/travelwave.id.vn\/index.php?rest_route=\/wp\/v2\/product"}],"about":[{"href":"https:\/\/travelwave.id.vn\/index.php?rest_route=\/wp\/v2\/types\/product"}],"replies":[{"embeddable":true,"href":"https:\/\/travelwave.id.vn\/index.php?rest_route=%2Fwp%2Fv2%2Fcomments&post=2501"}],"version-history":[{"count":0,"href":"https:\/\/travelwave.id.vn\/index.php?rest_route=\/wp\/v2\/product\/2501\/revisions"}],"wp:attachment":[{"href":"https:\/\/travelwave.id.vn\/index.php?rest_route=%2Fwp%2Fv2%2Fmedia&parent=2501"}],"wp:term":[{"taxonomy":"product_brand","embeddable":true,"href":"https:\/\/travelwave.id.vn\/index.php?rest_route=%2Fwp%2Fv2%2Fproduct_brand&post=2501"},{"taxonomy":"product_cat","embeddable":true,"href":"https:\/\/travelwave.id.vn\/index.php?rest_route=%2Fwp%2Fv2%2Fproduct_cat&post=2501"},{"taxonomy":"product_tag","embeddable":true,"href":"https:\/\/travelwave.id.vn\/index.php?rest_route=%2Fwp%2Fv2%2Fproduct_tag&post=2501"}],"curies":[{"name":"wp","href":"https:\/\/api.w.org\/{rel}","templated":true}]}}