{"id":2488,"date":"2026-04-16T15:04:45","date_gmt":"2026-04-16T15:04:45","guid":{"rendered":"https:\/\/travelwave.id.vn\/?post_type=product&#038;p=2488"},"modified":"2026-04-17T08:51:55","modified_gmt":"2026-04-17T08:51:55","slug":"tour-xich-lo-pho-co-ha-noi-1-gio","status":"publish","type":"product","link":"https:\/\/travelwave.id.vn\/?product=tour-xich-lo-pho-co-ha-noi-1-gio","title":{"rendered":"Tour x\u00edch l\u00f4 ph\u1ed1 c\u1ed5 H\u00e0 N\u1ed9i &#8211; 1 gi\u1edd"},"content":{"rendered":"<h2 class=\"css-901oao r-15tef7g r-1w9mtv9 r-1kfrs79 r-rjixqe r-fdjqy7\" dir=\"auto\" aria-level=\"2\" data-testid=\"experienceContentTitle\">B\u1ea1n s\u1ebd tr\u1ea3i nghi\u1ec7m<\/h2>\n<div class=\"css-1dbjc4n r-1ifxtd0\" data-testid=\"ctr_highlightsContent\">\n<div class=\"css-1dbjc4n r-1udh08x\">\n<div class=\"css-1dbjc4n r-1ifxtd0 r-11wrixw r-88pszg r-1wzrnnt\">\n<div class=\"css-1dbjc4n r-1habvwh r-18u37iz r-1w6e6rj\">\n<div class=\"css-1dbjc4n r-obd0qt r-z80fyv r-1777fci r-1kb76zh\">\n<div class=\"css-1dbjc4n r-1jkafct\"><\/div>\n<\/div>\n<div class=\"css-1dbjc4n r-13awgt0\">\n<ul>\n<li class=\"css-901oao r-uh8wd5 r-majxgm r-fdjqy7\" dir=\"auto\">Kh\u00e1m ph\u00e1 ph\u1ed1 c\u1ed5 H\u00e0 N\u1ed9i trong 1 gi\u1edd<\/li>\n<\/ul>\n<\/div>\n<\/div>\n<div class=\"css-1dbjc4n r-1habvwh r-18u37iz r-1w6e6rj\">\n<div class=\"css-1dbjc4n r-obd0qt r-z80fyv r-1777fci r-1kb76zh\">\n<div class=\"css-1dbjc4n r-1jkafct\"><\/div>\n<\/div>\n<div class=\"css-1dbjc4n r-13awgt0\">\n<ul>\n<li class=\"css-901oao r-uh8wd5 r-majxgm r-fdjqy7\" dir=\"auto\">Ng\u1eafm nh\u00ecn c\u00e1c con ph\u1ed1 t\u1ea5p n\u1eadp t\u1ea1i H\u00e0 N\u1ed9i 36 ph\u1ed1 ph\u01b0\u1eddng tr\u00ean chi\u1ebfc x\u00edch l\u00f4 gi\u1ea3n d\u1ecb<\/li>\n<\/ul>\n<\/div>\n<\/div>\n<div class=\"css-1dbjc4n r-1habvwh r-18u37iz r-1w6e6rj\">\n<div class=\"css-1dbjc4n r-obd0qt r-z80fyv r-1777fci r-1kb76zh\">\n<div class=\"css-1dbjc4n r-1jkafct\"><\/div>\n<\/div>\n<div class=\"css-1dbjc4n r-13awgt0\">\n<ul>\n<li class=\"css-901oao r-uh8wd5 r-majxgm r-fdjqy7\" dir=\"auto\">\u0110i ngang qua c\u00e1c \u0111\u1ecba \u0111i\u1ec3m n\u1ed5i ti\u1ebfng nh\u01b0 h\u1ed3 Ho\u00e0n Ki\u1ebfm, ch\u1ee3 \u0110\u1ed3ng Xu\u00e2n, nh\u00e0 th\u1edd l\u1edbn H\u00e0 N\u1ed9i, v\u00e0 nh\u00e0 h\u00e1t l\u1edbn H\u00e0 N\u1ed9i<\/li>\n<\/ul>\n<\/div>\n<\/div>\n<div class=\"css-1dbjc4n r-1habvwh r-18u37iz r-1w6e6rj\">\n<div class=\"css-1dbjc4n r-obd0qt r-z80fyv r-1777fci r-1kb76zh\">\n<div class=\"css-1dbjc4n r-1jkafct\"><\/div>\n<\/div>\n<div class=\"css-1dbjc4n r-13awgt0\">\n<ul>\n<li class=\"css-901oao r-uh8wd5 r-majxgm r-fdjqy7\" dir=\"auto\">Chi\u00eam ng\u01b0\u1ee1ng v\u0103n ho\u00e1 \u0111\u1ea7y m\u00e0u s\u1eafc c\u1ee7a H\u00e0 N\u1ed9i<\/li>\n<\/ul>\n<\/div>\n<\/div>\n<\/div>\n<\/div>\n<\/div>\n","protected":false},"excerpt":{"rendered":"<p>B\u1ea1n s\u1ebd tr\u1ea3i nghi\u1ec7m Kh\u00e1m ph\u00e1 ph\u1ed1 c\u1ed5 H\u00e0 N\u1ed9i trong 1 gi\u1edd Ng\u1eafm nh\u00ecn c\u00e1c con ph\u1ed1 t\u1ea5p n\u1eadp t\u1ea1i H\u00e0 N\u1ed9i 36 ph\u1ed1 ph\u01b0\u1eddng tr\u00ean chi\u1ebfc x\u00edch l\u00f4 gi\u1ea3n d\u1ecb \u0110i ngang qua c\u00e1c \u0111\u1ecba \u0111i\u1ec3m n\u1ed5i ti\u1ebfng nh\u01b0 h\u1ed3 Ho\u00e0n Ki\u1ebfm, ch\u1ee3 \u0110\u1ed3ng Xu\u00e2n, nh\u00e0 th\u1edd l\u1edbn H\u00e0 N\u1ed9i, v\u00e0 nh\u00e0 h\u00e1t [&hellip;]<\/p>\n","protected":false},"featured_media":2637,"comment_status":"open","ping_status":"closed","template":"","meta":[],"product_brand":[],"product_cat":[31],"product_tag":[],"class_list":{"0":"post-2488","1":"product","2":"type-product","3":"status-publish","4":"has-post-thumbnail","6":"product_cat-du-lich-trong-thanh-pho","8":"first","9":"instock","10":"sale","11":"shipping-taxable","12":"purchasable","13":"product-type-simple"},"_links":{"self":[{"href":"https:\/\/travelwave.id.vn\/index.php?rest_route=\/wp\/v2\/product\/2488","targetHints":{"allow":["GET"]}}],"collection":[{"href":"https:\/\/travelwave.id.vn\/index.php?rest_route=\/wp\/v2\/product"}],"about":[{"href":"https:\/\/travelwave.id.vn\/index.php?rest_route=\/wp\/v2\/types\/product"}],"replies":[{"embeddable":true,"href":"https:\/\/travelwave.id.vn\/index.php?rest_route=%2Fwp%2Fv2%2Fcomments&post=2488"}],"version-history":[{"count":0,"href":"https:\/\/travelwave.id.vn\/index.php?rest_route=\/wp\/v2\/product\/2488\/revisions"}],"wp:featuredmedia":[{"embeddable":true,"href":"https:\/\/travelwave.id.vn\/index.php?rest_route=\/wp\/v2\/media\/2637"}],"wp:attachment":[{"href":"https:\/\/travelwave.id.vn\/index.php?rest_route=%2Fwp%2Fv2%2Fmedia&parent=2488"}],"wp:term":[{"taxonomy":"product_brand","embeddable":true,"href":"https:\/\/travelwave.id.vn\/index.php?rest_route=%2Fwp%2Fv2%2Fproduct_brand&post=2488"},{"taxonomy":"product_cat","embeddable":true,"href":"https:\/\/travelwave.id.vn\/index.php?rest_route=%2Fwp%2Fv2%2Fproduct_cat&post=2488"},{"taxonomy":"product_tag","embeddable":true,"href":"https:\/\/travelwave.id.vn\/index.php?rest_route=%2Fwp%2Fv2%2Fproduct_tag&post=2488"}],"curies":[{"name":"wp","href":"https:\/\/api.w.org\/{rel}","templated":true}]}}