{"id":2451,"date":"2026-04-16T08:55:43","date_gmt":"2026-04-16T08:55:43","guid":{"rendered":"https:\/\/travelwave.id.vn\/?post_type=product&#038;p=2451"},"modified":"2026-04-17T06:23:03","modified_gmt":"2026-04-17T06:23:03","slug":"tour-nhat-ban-tokyo-nui-phu-si-kyoto-osaka","status":"publish","type":"product","link":"https:\/\/travelwave.id.vn\/?product=tour-nhat-ban-tokyo-nui-phu-si-kyoto-osaka","title":{"rendered":"Tour Nh\u1eadt B\u1ea3n: Tokyo \u2013 N\u00fai Ph\u00fa S\u0129 \u2013 Kyoto \u2013 Kobe \u2013 Osaka"},"content":{"rendered":"<ul data-start=\"223\" data-end=\"918\">\n<li data-section-id=\"1galhxh\" data-start=\"223\" data-end=\"418\"><strong data-start=\"225\" data-end=\"252\">Tokyo \u2013 th\u1ee7 \u0111\u00f4 hi\u1ec7n \u0111\u1ea1i<\/strong>: Tham quan <span class=\"hover:entity-accent entity-underline inline cursor-pointer align-baseline\"><span class=\"whitespace-normal\">Shibuya Crossing<\/span><\/span> \u2013 giao l\u1ed9 n\u1ed5i ti\u1ebfng nh\u1ea5t Nh\u1eadt B\u1ea3n v\u00e0 vi\u1ebfng <span class=\"hover:entity-accent entity-underline inline cursor-pointer align-baseline\"><span class=\"whitespace-normal\">Senso-ji<\/span><\/span> \u2013 ng\u00f4i ch\u00f9a c\u1ed5 l\u00e2u \u0111\u1eddi t\u1ea1i Asakusa.<\/li>\n<li data-section-id=\"3vbhk8\" data-start=\"420\" data-end=\"555\"><strong data-start=\"422\" data-end=\"436\">N\u00fai Ph\u00fa S\u0129<\/strong>: Check-in t\u1ea1i <span class=\"hover:entity-accent entity-underline inline cursor-pointer align-baseline\"><span class=\"whitespace-normal\">Mount Fuji<\/span><\/span> \u2013 bi\u1ec3u t\u01b0\u1ee3ng n\u1ed5i ti\u1ebfng c\u1ee7a Nh\u1eadt B\u1ea3n v\u00e0 ng\u1eafm c\u1ea3nh t\u1ea1i h\u1ed3 Kawaguchi.<\/li>\n<li data-section-id=\"1g036zy\" data-start=\"557\" data-end=\"683\"><strong data-start=\"559\" data-end=\"576\">Kyoto c\u1ed5 k\u00ednh<\/strong>: Kh\u00e1m ph\u00e1 <span class=\"hover:entity-accent entity-underline inline cursor-pointer align-baseline\"><span class=\"whitespace-normal\">Fushimi Inari Taisha<\/span><\/span> v\u1edbi h\u00e0ng ngh\u00ecn c\u1ed5ng torii \u0111\u1ecf v\u00e0 khu ph\u1ed1 truy\u1ec1n th\u1ed1ng Gion.<\/li>\n<li data-section-id=\"esjut2\" data-start=\"685\" data-end=\"808\"><strong data-start=\"687\" data-end=\"705\">Osaka s\u00f4i \u0111\u1ed9ng<\/strong>: D\u1ea1o ph\u1ed1 t\u1ea1i <span class=\"hover:entity-accent entity-underline inline cursor-pointer align-baseline\"><span class=\"whitespace-normal\">Dotonbori<\/span><\/span> v\u00e0 tham quan <span class=\"hover:entity-accent entity-underline inline cursor-pointer align-baseline\"><span class=\"whitespace-normal\">Osaka Castle<\/span><\/span>.<\/li>\n<li data-section-id=\"mq30oe\" data-start=\"810\" data-end=\"918\"><strong data-start=\"812\" data-end=\"835\">Tr\u1ea3i nghi\u1ec7m v\u0103n h\u00f3a<\/strong>: Th\u01b0\u1edfng th\u1ee9c sushi, ramen, m\u1eb7c yukata v\u00e0 mua s\u1eafm t\u1ea1i c\u00e1c trung t\u00e2m th\u01b0\u01a1ng m\u1ea1i l\u1edbn.<\/li>\n<\/ul>\n","protected":false},"excerpt":{"rendered":"<p>Tokyo \u2013 th\u1ee7 \u0111\u00f4 hi\u1ec7n \u0111\u1ea1i: Tham quan Shibuya Crossing \u2013 giao l\u1ed9 n\u1ed5i ti\u1ebfng nh\u1ea5t Nh\u1eadt B\u1ea3n v\u00e0 vi\u1ebfng Senso-ji \u2013 ng\u00f4i ch\u00f9a c\u1ed5 l\u00e2u \u0111\u1eddi t\u1ea1i Asakusa. N\u00fai Ph\u00fa S\u0129: Check-in t\u1ea1i Mount Fuji \u2013 bi\u1ec3u t\u01b0\u1ee3ng n\u1ed5i ti\u1ebfng c\u1ee7a Nh\u1eadt B\u1ea3n v\u00e0 ng\u1eafm c\u1ea3nh t\u1ea1i h\u1ed3 Kawaguchi. Kyoto c\u1ed5 k\u00ednh: Kh\u00e1m ph\u00e1 [&hellip;]<\/p>\n","protected":false},"featured_media":0,"comment_status":"open","ping_status":"closed","template":"","meta":[],"product_brand":[],"product_cat":[46],"product_tag":[29],"class_list":{"0":"post-2451","1":"product","2":"type-product","3":"status-publish","5":"product_cat-du-lich-chau-a","6":"product_tag-du-lich-tour-tiet-kiem","8":"first","9":"instock","10":"sale","11":"shipping-taxable","12":"purchasable","13":"product-type-simple"},"_links":{"self":[{"href":"https:\/\/travelwave.id.vn\/index.php?rest_route=\/wp\/v2\/product\/2451","targetHints":{"allow":["GET"]}}],"collection":[{"href":"https:\/\/travelwave.id.vn\/index.php?rest_route=\/wp\/v2\/product"}],"about":[{"href":"https:\/\/travelwave.id.vn\/index.php?rest_route=\/wp\/v2\/types\/product"}],"replies":[{"embeddable":true,"href":"https:\/\/travelwave.id.vn\/index.php?rest_route=%2Fwp%2Fv2%2Fcomments&post=2451"}],"version-history":[{"count":0,"href":"https:\/\/travelwave.id.vn\/index.php?rest_route=\/wp\/v2\/product\/2451\/revisions"}],"wp:attachment":[{"href":"https:\/\/travelwave.id.vn\/index.php?rest_route=%2Fwp%2Fv2%2Fmedia&parent=2451"}],"wp:term":[{"taxonomy":"product_brand","embeddable":true,"href":"https:\/\/travelwave.id.vn\/index.php?rest_route=%2Fwp%2Fv2%2Fproduct_brand&post=2451"},{"taxonomy":"product_cat","embeddable":true,"href":"https:\/\/travelwave.id.vn\/index.php?rest_route=%2Fwp%2Fv2%2Fproduct_cat&post=2451"},{"taxonomy":"product_tag","embeddable":true,"href":"https:\/\/travelwave.id.vn\/index.php?rest_route=%2Fwp%2Fv2%2Fproduct_tag&post=2451"}],"curies":[{"name":"wp","href":"https:\/\/api.w.org\/{rel}","templated":true}]}}