{"id":2406,"date":"2026-04-15T16:24:30","date_gmt":"2026-04-15T16:24:30","guid":{"rendered":"https:\/\/travelwave.id.vn\/?post_type=product&#038;p=2406"},"modified":"2026-04-16T04:22:31","modified_gmt":"2026-04-16T04:22:31","slug":"kham-pha-thanh-pho-ha-noi-tour-nua-ngay-hoac-1-ngay","status":"publish","type":"product","link":"https:\/\/travelwave.id.vn\/?product=kham-pha-thanh-pho-ha-noi-tour-nua-ngay-hoac-1-ngay","title":{"rendered":"Kh\u00e1m ph\u00e1 th\u00e0nh ph\u1ed1 H\u00e0 N\u1ed9i &#8211; Tour n\u1eeda ng\u00e0y ho\u1eb7c 1 ng\u00e0y"},"content":{"rendered":"<div class=\"css-1dbjc4n r-6koalj r-1euycsn r-1wtj0ep r-iphfwy r-ymttw5 r-ttdzmv\">\n<div class=\"css-1dbjc4n r-s1qlax r-ttdzmv\">\n<h2 class=\"css-4rbku5 css-901oao r-uh8wd5 r-b88u0q r-fdjqy7\" dir=\"auto\" role=\"heading\" aria-level=\"2\">B\u1ea1n s\u1ebd tr\u1ea3i nghi\u1ec7m<\/h2>\n<\/div>\n<\/div>\n<div class=\"css-1dbjc4n r-150rngu r-eqz5dr r-16y2uox r-1wbh5a2 r-11yh6sk r-1rnoaur r-1sncvnh\">\n<div class=\"css-1dbjc4n r-d9fdf6\">\n<div class=\"css-1dbjc4n r-1ifxtd0 r-11wrixw r-88pszg r-1wzrnnt\">\n<div class=\"css-1dbjc4n r-1habvwh r-18u37iz r-1w6e6rj\">\n<div class=\"css-1dbjc4n r-obd0qt r-z80fyv r-1777fci r-1kb76zh\">\n<div class=\"css-1dbjc4n r-1jkafct\"><\/div>\n<\/div>\n<div class=\"css-1dbjc4n r-13awgt0\">\n<ul>\n<li class=\"css-901oao r-uh8wd5 r-majxgm r-fdjqy7\" dir=\"auto\">Vi\u1ebfng L\u0103ng Ch\u1ee7 t\u1ecbch H\u1ed3 Ch\u00ed Minh \u2014 ng\u01b0\u1eddi Cha c\u1ee7a Vi\u1ec7t Nam<\/li>\n<\/ul>\n<\/div>\n<\/div>\n<div class=\"css-1dbjc4n r-1habvwh r-18u37iz r-1w6e6rj\">\n<div class=\"css-1dbjc4n r-obd0qt r-z80fyv r-1777fci r-1kb76zh\">\n<div class=\"css-1dbjc4n r-1jkafct\"><\/div>\n<\/div>\n<div class=\"css-1dbjc4n r-13awgt0\">\n<ul>\n<li class=\"css-901oao r-uh8wd5 r-majxgm r-fdjqy7\" dir=\"auto\">T\u00ecm hi\u1ec3u l\u1ecbch s\u1eed Vi\u1ec7t Nam v\u00e0 H\u00e0 N\u1ed9i qua h\u01b0\u1edbng d\u1eabn vi\u00ean du l\u1ecbch chuy\u00ean nghi\u1ec7p<\/li>\n<\/ul>\n<\/div>\n<\/div>\n<div class=\"css-1dbjc4n r-1habvwh r-18u37iz r-1w6e6rj\">\n<div class=\"css-1dbjc4n r-obd0qt r-z80fyv r-1777fci r-1kb76zh\">\n<div class=\"css-1dbjc4n r-1jkafct\"><\/div>\n<\/div>\n<div class=\"css-1dbjc4n r-13awgt0\">\n<ul>\n<li class=\"css-901oao r-uh8wd5 r-majxgm r-fdjqy7\" dir=\"auto\">Tham quan V\u0103n Mi\u1ebfu Qu\u1ed1c T\u1eed Gi\u00e1m, n\u01a1i \u0111\u01b0\u1ee3c m\u1ec7nh danh l\u00e0 tr\u01b0\u1eddng \u0111\u1ea1i h\u1ecdc \u0111\u1ea7u ti\u00ean c\u1ee7a Vi\u1ec7t Nam, th\u00e0nh l\u1eadp v\u00e0o th\u1ebf k\u1ef7 XI d\u01b0\u1edbi tri\u1ec1u L\u00fd<\/li>\n<\/ul>\n<\/div>\n<\/div>\n<div class=\"css-1dbjc4n r-1habvwh r-18u37iz r-1w6e6rj\">\n<div class=\"css-1dbjc4n r-obd0qt r-z80fyv r-1777fci r-1kb76zh\">\n<div class=\"css-1dbjc4n r-1jkafct\"><\/div>\n<\/div>\n<div class=\"css-1dbjc4n r-13awgt0\">\n<ul>\n<li class=\"css-901oao r-uh8wd5 r-majxgm r-fdjqy7\" dir=\"auto\">Tham quan nh\u00e0 t\u00f9 Ho\u1ea3 L\u00f2, \u0111\u01b0\u1ee3c bi\u1ebft \u0111\u1ebfn l\u00e0 n\u01a1i giam gi\u01b0\u0303 r\u1ea5t nhi\u00ea\u0300u nh\u00e0 c\u00e1ch m\u1ea1ng l\u1edbn c\u1ee7a Vi\u00ea\u0323t Nam trong Chi\u1ebfn tranh \u0110\u00f4ng D\u01b0\u01a1ng v\u00e0 phi c\u00f4ng M\u1ef9 trong Chi\u1ebfn tranh Vi\u00ea\u0323t Nam<\/li>\n<\/ul>\n<\/div>\n<\/div>\n<\/div>\n<\/div>\n<\/div>\n","protected":false},"excerpt":{"rendered":"<p>B\u1ea1n s\u1ebd tr\u1ea3i nghi\u1ec7m Vi\u1ebfng L\u0103ng Ch\u1ee7 t\u1ecbch H\u1ed3 Ch\u00ed Minh \u2014 ng\u01b0\u1eddi Cha c\u1ee7a Vi\u1ec7t Nam T\u00ecm hi\u1ec3u l\u1ecbch s\u1eed Vi\u1ec7t Nam v\u00e0 H\u00e0 N\u1ed9i qua h\u01b0\u1edbng d\u1eabn vi\u00ean du l\u1ecbch chuy\u00ean nghi\u1ec7p Tham quan V\u0103n Mi\u1ebfu Qu\u1ed1c T\u1eed Gi\u00e1m, n\u01a1i \u0111\u01b0\u1ee3c m\u1ec7nh danh l\u00e0 tr\u01b0\u1eddng \u0111\u1ea1i h\u1ecdc \u0111\u1ea7u ti\u00ean c\u1ee7a Vi\u1ec7t Nam, th\u00e0nh [&hellip;]<\/p>\n","protected":false},"featured_media":2410,"comment_status":"open","ping_status":"closed","template":"","meta":[],"product_brand":[],"product_cat":[31],"product_tag":[],"class_list":{"0":"post-2406","1":"product","2":"type-product","3":"status-publish","4":"has-post-thumbnail","6":"product_cat-du-lich-trong-thanh-pho","8":"first","9":"instock","10":"sale","11":"shipping-taxable","12":"purchasable","13":"product-type-simple"},"_links":{"self":[{"href":"https:\/\/travelwave.id.vn\/index.php?rest_route=\/wp\/v2\/product\/2406","targetHints":{"allow":["GET"]}}],"collection":[{"href":"https:\/\/travelwave.id.vn\/index.php?rest_route=\/wp\/v2\/product"}],"about":[{"href":"https:\/\/travelwave.id.vn\/index.php?rest_route=\/wp\/v2\/types\/product"}],"replies":[{"embeddable":true,"href":"https:\/\/travelwave.id.vn\/index.php?rest_route=%2Fwp%2Fv2%2Fcomments&post=2406"}],"version-history":[{"count":0,"href":"https:\/\/travelwave.id.vn\/index.php?rest_route=\/wp\/v2\/product\/2406\/revisions"}],"wp:featuredmedia":[{"embeddable":true,"href":"https:\/\/travelwave.id.vn\/index.php?rest_route=\/wp\/v2\/media\/2410"}],"wp:attachment":[{"href":"https:\/\/travelwave.id.vn\/index.php?rest_route=%2Fwp%2Fv2%2Fmedia&parent=2406"}],"wp:term":[{"taxonomy":"product_brand","embeddable":true,"href":"https:\/\/travelwave.id.vn\/index.php?rest_route=%2Fwp%2Fv2%2Fproduct_brand&post=2406"},{"taxonomy":"product_cat","embeddable":true,"href":"https:\/\/travelwave.id.vn\/index.php?rest_route=%2Fwp%2Fv2%2Fproduct_cat&post=2406"},{"taxonomy":"product_tag","embeddable":true,"href":"https:\/\/travelwave.id.vn\/index.php?rest_route=%2Fwp%2Fv2%2Fproduct_tag&post=2406"}],"curies":[{"name":"wp","href":"https:\/\/api.w.org\/{rel}","templated":true}]}}