{"id":2381,"date":"2026-04-15T15:12:10","date_gmt":"2026-04-15T15:12:10","guid":{"rendered":"https:\/\/travelwave.id.vn\/?post_type=product&#038;p=2381"},"modified":"2026-04-17T06:24:40","modified_gmt":"2026-04-17T06:24:40","slug":"tour-han-quoc-seoul-dao-nami-everland-thap-namsan","status":"publish","type":"product","link":"https:\/\/travelwave.id.vn\/?product=tour-han-quoc-seoul-dao-nami-everland-thap-namsan","title":{"rendered":"Tour H\u00e0n Qu\u1ed1c: Seoul \u2013 \u0110\u1ea3o Nami \u2013 Everland \u2013 Th\u00e1p Namsan"},"content":{"rendered":"<ul>\n<li data-section-id=\"1w9tnjj\" data-start=\"289\" data-end=\"515\"><strong data-start=\"291\" data-end=\"318\">Seoul \u2013 Th\u1ee7 \u0111\u00f4 H\u00e0n Qu\u1ed1c<\/strong>: Tham quan <span class=\"hover:entity-accent entity-underline inline cursor-pointer align-baseline\"><span class=\"whitespace-normal\">Cung \u0111i\u1ec7n Gyeongbokgung<\/span><\/span> \u2013 cung \u0111i\u1ec7n l\u1edbn nh\u1ea5t tri\u1ec1u \u0111\u1ea1i Joseon, kh\u00e1m ph\u00e1 l\u00e0ng c\u1ed5 <span class=\"hover:entity-accent entity-underline inline cursor-pointer align-baseline\"><span class=\"whitespace-normal\">Bukchon Hanok Village<\/span><\/span> v\u00e0 mua s\u1eafm t\u1ea1i <span class=\"hover:entity-accent entity-underline inline cursor-pointer align-baseline\"><span class=\"whitespace-normal\">Myeongdong<\/span><\/span>.<\/li>\n<li data-section-id=\"1w3yayj\" data-start=\"517\" data-end=\"658\"><strong data-start=\"519\" data-end=\"531\">\u0110\u1ea3o Nami<\/strong>: D\u1ea1o b\u01b0\u1edbc t\u1ea1i <span class=\"hover:entity-accent entity-underline inline cursor-pointer align-baseline\"><span class=\"whitespace-normal\">Namiseom Island<\/span><\/span> \u2013 h\u00f2n \u0111\u1ea3o n\u1ed5i ti\u1ebfng v\u1edbi h\u00e0ng c\u00e2y th\u1eb3ng t\u1eafp v\u00e0 phong c\u1ea3nh l\u00e3ng m\u1ea1n b\u1ed1n m\u00f9a.<\/li>\n<li data-section-id=\"1apozgj\" data-start=\"660\" data-end=\"796\"><strong data-start=\"662\" data-end=\"674\">Everland<\/strong>: Tr\u1ea3i nghi\u1ec7m t\u1ea1i <span class=\"hover:entity-accent entity-underline inline cursor-pointer align-baseline\"><span class=\"whitespace-normal\">Everland<\/span><\/span> \u2013 c\u00f4ng vi\u00ean gi\u1ea3i tr\u00ed l\u1edbn nh\u1ea5t H\u00e0n Qu\u1ed1c v\u1edbi nhi\u1ec1u tr\u00f2 ch\u01a1i h\u1ea5p d\u1eabn.<\/li>\n<li data-section-id=\"1y4tc8v\" data-start=\"798\" data-end=\"907\"><strong data-start=\"800\" data-end=\"815\">Th\u00e1p Namsan<\/strong>: Check-in t\u1ea1i <span class=\"hover:entity-accent entity-underline inline cursor-pointer align-baseline\"><span class=\"whitespace-normal\">N Seoul Tower<\/span><\/span> \u2013 n\u01a1i ng\u1eafm to\u00e0n c\u1ea3nh Seoul t\u1eeb tr\u00ean cao.<\/li>\n<li data-section-id=\"1paznty\" data-start=\"909\" data-end=\"1008\"><strong data-start=\"911\" data-end=\"932\">\u1ea8m th\u1ef1c &amp; v\u0103n h\u00f3a<\/strong>: Th\u01b0\u1edfng th\u1ee9c m\u00f3n \u0103n truy\u1ec1n th\u1ed1ng nh\u01b0 kimchi, BBQ v\u00e0 tr\u1ea3i nghi\u1ec7m m\u1eb7c Hanbok.<\/li>\n<\/ul>\n","protected":false},"excerpt":{"rendered":"<p>Seoul \u2013 Th\u1ee7 \u0111\u00f4 H\u00e0n Qu\u1ed1c: Tham quan Cung \u0111i\u1ec7n Gyeongbokgung \u2013 cung \u0111i\u1ec7n l\u1edbn nh\u1ea5t tri\u1ec1u \u0111\u1ea1i Joseon, kh\u00e1m ph\u00e1 l\u00e0ng c\u1ed5 Bukchon Hanok Village v\u00e0 mua s\u1eafm t\u1ea1i Myeongdong. \u0110\u1ea3o Nami: D\u1ea1o b\u01b0\u1edbc t\u1ea1i Namiseom Island \u2013 h\u00f2n \u0111\u1ea3o n\u1ed5i ti\u1ebfng v\u1edbi h\u00e0ng c\u00e2y th\u1eb3ng t\u1eafp v\u00e0 phong c\u1ea3nh l\u00e3ng m\u1ea1n b\u1ed1n m\u00f9a. [&hellip;]<\/p>\n","protected":false},"featured_media":2386,"comment_status":"open","ping_status":"closed","template":"","meta":[],"product_brand":[],"product_cat":[46],"product_tag":[29],"class_list":{"0":"post-2381","1":"product","2":"type-product","3":"status-publish","4":"has-post-thumbnail","6":"product_cat-du-lich-chau-a","7":"product_tag-du-lich-tour-tiet-kiem","9":"first","10":"instock","11":"sale","12":"shipping-taxable","13":"purchasable","14":"product-type-simple"},"_links":{"self":[{"href":"https:\/\/travelwave.id.vn\/index.php?rest_route=\/wp\/v2\/product\/2381","targetHints":{"allow":["GET"]}}],"collection":[{"href":"https:\/\/travelwave.id.vn\/index.php?rest_route=\/wp\/v2\/product"}],"about":[{"href":"https:\/\/travelwave.id.vn\/index.php?rest_route=\/wp\/v2\/types\/product"}],"replies":[{"embeddable":true,"href":"https:\/\/travelwave.id.vn\/index.php?rest_route=%2Fwp%2Fv2%2Fcomments&post=2381"}],"version-history":[{"count":0,"href":"https:\/\/travelwave.id.vn\/index.php?rest_route=\/wp\/v2\/product\/2381\/revisions"}],"wp:featuredmedia":[{"embeddable":true,"href":"https:\/\/travelwave.id.vn\/index.php?rest_route=\/wp\/v2\/media\/2386"}],"wp:attachment":[{"href":"https:\/\/travelwave.id.vn\/index.php?rest_route=%2Fwp%2Fv2%2Fmedia&parent=2381"}],"wp:term":[{"taxonomy":"product_brand","embeddable":true,"href":"https:\/\/travelwave.id.vn\/index.php?rest_route=%2Fwp%2Fv2%2Fproduct_brand&post=2381"},{"taxonomy":"product_cat","embeddable":true,"href":"https:\/\/travelwave.id.vn\/index.php?rest_route=%2Fwp%2Fv2%2Fproduct_cat&post=2381"},{"taxonomy":"product_tag","embeddable":true,"href":"https:\/\/travelwave.id.vn\/index.php?rest_route=%2Fwp%2Fv2%2Fproduct_tag&post=2381"}],"curies":[{"name":"wp","href":"https:\/\/api.w.org\/{rel}","templated":true}]}}