{"id":2367,"date":"2026-04-15T14:48:21","date_gmt":"2026-04-15T14:48:21","guid":{"rendered":"https:\/\/travelwave.id.vn\/?post_type=product&#038;p=2367"},"modified":"2026-04-15T15:25:16","modified_gmt":"2026-04-15T15:25:16","slug":"sapa-cat-cat-cong-troi-o-quy-ho-fansipan-legend","status":"publish","type":"product","link":"https:\/\/travelwave.id.vn\/?product=sapa-cat-cat-cong-troi-o-quy-ho-fansipan-legend","title":{"rendered":"Sapa &#8211; C\u00e1t C\u00e1t &#8211; C\u1ed5ng tr\u1eddi \u00d4 Quy H\u1ed3 &#8211; Fansipan Legend"},"content":{"rendered":"<ul>\n<li dir=\"ltr\">\u200b<b>Sapa \u2013 C\u00e1t C\u00e1t:<\/b> D\u1ea1o b\u01b0\u1edbc gi\u1eefa b\u1ea3n l\u00e0ng c\u1ed5 k\u00ednh c\u1ee7a ng\u01b0\u1eddi H&#8217;M\u00f4ng, n\u01a1i c\u00f3 d\u00f2ng th\u00e1c th\u01a1 m\u1ed9ng v\u00e0 nh\u1eefng n\u1ebfp nh\u00e0 g\u1ed7 b\u00ecnh y\u00ean.<\/li>\n<li dir=\"ltr\">\u200b<b>C\u1ed5ng tr\u1eddi \u00d4 Quy H\u1ed3:<\/b> Chinh ph\u1ee5c m\u1ed9t trong &#8220;t\u1ee9 \u0111\u1ea1i \u0111\u1ec9nh \u0111\u00e8o&#8221; \u0111\u1ec3 ng\u1eafm nh\u00ecn bi\u1ec3n m\u00e2y b\u1ed3ng b\u1ec1nh v\u00e0 to\u00e0n c\u1ea3nh thung l\u0169ng Lai Ch\u00e2u \u0111\u1ea1i ng\u00e0n.<\/li>\n<li dir=\"ltr\">\u200b<b>Fansipan Legend:<\/b> Tr\u1ea3i nghi\u1ec7m h\u1ec7 th\u1ed1ng c\u00e1p treo hi\u1ec7n \u0111\u1ea1i, ch\u1ea1m tay v\u00e0o c\u1ed9t m\u1ed1c &#8220;N\u00f3c nh\u00e0 \u0110\u00f4ng D\u01b0\u01a1ng&#8221; \u1edf \u0111\u1ed9 cao 3143m.<\/li>\n<li dir=\"ltr\">\u200b<b>S\u1eafc m\u00e0u v\u0103n h\u00f3a:<\/b> C\u01a1 h\u1ed9i th\u01b0\u1edfng th\u1ee9c \u1ea9m th\u1ef1c v\u00f9ng cao \u0111\u1eb7c s\u1eafc v\u00e0 h\u00f2a m\u00ecnh v\u00e0o kh\u00f4ng gian sinh ho\u1ea1t truy\u1ec1n th\u1ed1ng c\u1ee7a \u0111\u1ed3ng b\u00e0o d\u00e2n t\u1ed9c.<\/li>\n<li dir=\"ltr\">\u200b<b>C\u1ea3nh s\u1eafc thi\u00ean nhi\u00ean:<\/b> S\u1ef1 k\u1ebft h\u1ee3p ho\u00e0n h\u1ea3o gi\u1eefa v\u1ebb \u0111\u1eb9p hoang s\u01a1 c\u1ee7a n\u00fai r\u1eebng T\u00e2y B\u1eafc v\u00e0 c\u00e1c c\u00f4ng tr\u00ecnh ki\u1ebfn tr\u00fac \u0111\u1eb3ng c\u1ea5p th\u1ebf gi\u1edbi.<\/li>\n<\/ul>\n","protected":false},"excerpt":{"rendered":"<p>\u200bSapa \u2013 C\u00e1t C\u00e1t: D\u1ea1o b\u01b0\u1edbc gi\u1eefa b\u1ea3n l\u00e0ng c\u1ed5 k\u00ednh c\u1ee7a ng\u01b0\u1eddi H&#8217;M\u00f4ng, n\u01a1i c\u00f3 d\u00f2ng th\u00e1c th\u01a1 m\u1ed9ng v\u00e0 nh\u1eefng n\u1ebfp nh\u00e0 g\u1ed7 b\u00ecnh y\u00ean. \u200bC\u1ed5ng tr\u1eddi \u00d4 Quy H\u1ed3: Chinh ph\u1ee5c m\u1ed9t trong &#8220;t\u1ee9 \u0111\u1ea1i \u0111\u1ec9nh \u0111\u00e8o&#8221; \u0111\u1ec3 ng\u1eafm nh\u00ecn bi\u1ec3n m\u00e2y b\u1ed3ng b\u1ec1nh v\u00e0 to\u00e0n c\u1ea3nh thung l\u0169ng Lai Ch\u00e2u \u0111\u1ea1i [&hellip;]<\/p>\n","protected":false},"featured_media":2369,"comment_status":"open","ping_status":"closed","template":"","meta":[],"product_brand":[],"product_cat":[17],"product_tag":[29],"class_list":{"0":"post-2367","1":"product","2":"type-product","3":"status-publish","4":"has-post-thumbnail","6":"product_cat-du-lich-tiet-kiem","7":"product_tag-du-lich-tour-tiet-kiem","9":"first","10":"instock","11":"sale","12":"shipping-taxable","13":"purchasable","14":"product-type-simple"},"_links":{"self":[{"href":"https:\/\/travelwave.id.vn\/index.php?rest_route=\/wp\/v2\/product\/2367","targetHints":{"allow":["GET"]}}],"collection":[{"href":"https:\/\/travelwave.id.vn\/index.php?rest_route=\/wp\/v2\/product"}],"about":[{"href":"https:\/\/travelwave.id.vn\/index.php?rest_route=\/wp\/v2\/types\/product"}],"replies":[{"embeddable":true,"href":"https:\/\/travelwave.id.vn\/index.php?rest_route=%2Fwp%2Fv2%2Fcomments&post=2367"}],"version-history":[{"count":0,"href":"https:\/\/travelwave.id.vn\/index.php?rest_route=\/wp\/v2\/product\/2367\/revisions"}],"wp:featuredmedia":[{"embeddable":true,"href":"https:\/\/travelwave.id.vn\/index.php?rest_route=\/wp\/v2\/media\/2369"}],"wp:attachment":[{"href":"https:\/\/travelwave.id.vn\/index.php?rest_route=%2Fwp%2Fv2%2Fmedia&parent=2367"}],"wp:term":[{"taxonomy":"product_brand","embeddable":true,"href":"https:\/\/travelwave.id.vn\/index.php?rest_route=%2Fwp%2Fv2%2Fproduct_brand&post=2367"},{"taxonomy":"product_cat","embeddable":true,"href":"https:\/\/travelwave.id.vn\/index.php?rest_route=%2Fwp%2Fv2%2Fproduct_cat&post=2367"},{"taxonomy":"product_tag","embeddable":true,"href":"https:\/\/travelwave.id.vn\/index.php?rest_route=%2Fwp%2Fv2%2Fproduct_tag&post=2367"}],"curies":[{"name":"wp","href":"https:\/\/api.w.org\/{rel}","templated":true}]}}